{"id":2543,"date":"2025-06-28T23:51:54","date_gmt":"2025-06-28T23:51:54","guid":{"rendered":"https:\/\/karlalaracoach.com\/nueva\/?post_type=product&#038;p=2543"},"modified":"2025-06-29T23:46:20","modified_gmt":"2025-06-29T23:46:20","slug":"destructor-de-creencias","status":"publish","type":"product","link":"https:\/\/karlalaracoach.com\/nueva\/producto\/destructor-de-creencias\/","title":{"rendered":"Destructor de creencias"},"content":{"rendered":"<h2><strong>Gu\u00eda Completa para Cambiar Creencias<\/strong><\/h2>\n<h4>Transforma tu mente. Transforma tu vida.<\/h4>\n<p>\u00bfSientes que algo te detiene, pero no sabes exactamente qu\u00e9 es?<br \/>\nDetr\u00e1s de cada autosabotaje, excusa o estancamiento\u2026 hay una creencia limitante. Este ebook es tu herramienta definitiva para identificar, cuestionar y reemplazar esas creencias que te han frenado durante a\u00f1os.<\/p>\n<p>\u2714\ufe0f M\u00e9todo en 9 pasos<br \/>\n\u2714\ufe0f +80 preguntas de autodescubrimiento<br \/>\n\u2714\ufe0f Ejercicios profundos para cambiar tu programaci\u00f3n mental<br \/>\n\u2714\ufe0f T\u00e9cnicas pr\u00e1cticas de reprogramaci\u00f3n<br \/>\n\u2714\ufe0f Resultados que se reflejan en tus decisiones, relaciones y logros<\/p>\n<p>Ideal para ti si:<\/p>\n<ul>\n<li>Te has sentido estancado y no sabes por qu\u00e9.<\/li>\n<li>Tienes metas claras pero dudas internas que no te dejan avanzar.<\/li>\n<li>Est\u00e1s listo para dejar atr\u00e1s la versi\u00f3n limitada de ti mismo.<\/li>\n<li>Quieres un proceso claro, profundo y pr\u00e1ctico para cambiar desde adentro.<\/li>\n<\/ul>\n<p>Bonus: Lista de recursos recomendados (libros, pel\u00edculas, videos) para profundizar tu transformaci\u00f3n.<\/p>\n<p>&nbsp;<\/p>\n<p>Formato: PDF descargable | Lectura + Ejercicios guiados<\/p>\n<p>Recomendado para: adultos en proceso de cambio, coaches, terapeutas, l\u00edderes, buscadores de crecimiento<\/p>\n<p>Compra segura | Acceso inmediato<\/p>\n<p>Este no es un libro para leer.<\/p>\n<p>Es un libro para trabajar.<\/p>\n<p>Haz clic en \u201cComprar\u201d y comienza hoy el proceso que puede cambiar tu vida.<\/p>\n","protected":false},"excerpt":{"rendered":"<h2><strong>Gu\u00eda Completa para Cambiar Creencias<\/strong><\/h2>\n<h4>Transforma tu mente. Transforma tu vida.<\/h4>\n<p>\u00bfSientes que algo te detiene, pero no sabes exactamente qu\u00e9 es?<br \/>\nDetr\u00e1s de cada autosabotaje, excusa o estancamiento\u2026 hay una creencia limitante. Este ebook es tu herramienta definitiva para identificar, cuestionar y reemplazar esas creencias que te han frenado durante a\u00f1os.<\/p>\n<p>\u2714\ufe0f M\u00e9todo en 9 pasos<br \/>\n\u2714\ufe0f +80 preguntas de autodescubrimiento<br \/>\n\u2714\ufe0f Ejercicios profundos para cambiar tu programaci\u00f3n mental<br \/>\n\u2714\ufe0f T\u00e9cnicas pr\u00e1cticas de reprogramaci\u00f3n<br \/>\n\u2714\ufe0f Resultados que se reflejan en tus decisiones, relaciones y logros<\/p>\n","protected":false},"featured_media":2553,"template":"","meta":{"site-sidebar-layout":"default","site-content-layout":"","ast-site-content-layout":"default","site-content-style":"default","site-sidebar-style":"default","ast-global-header-display":"","ast-banner-title-visibility":"","ast-main-header-display":"","ast-hfb-above-header-display":"","ast-hfb-below-header-display":"","ast-hfb-mobile-header-display":"","site-post-title":"","ast-breadcrumbs-content":"","ast-featured-img":"","footer-sml-layout":"","theme-transparent-header-meta":"default","adv-header-id-meta":"","stick-header-meta":"","header-above-stick-meta":"","header-main-stick-meta":"","header-below-stick-meta":"","astra-migrate-meta-layouts":"set","ast-page-background-enabled":"default","ast-page-background-meta":{"desktop":{"background-color":"","background-image":"","background-repeat":"repeat","background-position":"center center","background-size":"auto","background-attachment":"scroll","background-type":"","background-media":"","overlay-type":"","overlay-color":"","overlay-opacity":"","overlay-gradient":""},"tablet":{"background-color":"","background-image":"","background-repeat":"repeat","background-position":"center center","background-size":"auto","background-attachment":"scroll","background-type":"","background-media":"","overlay-type":"","overlay-color":"","overlay-opacity":"","overlay-gradient":""},"mobile":{"background-color":"","background-image":"","background-repeat":"repeat","background-position":"center center","background-size":"auto","background-attachment":"scroll","background-type":"","background-media":"","overlay-type":"","overlay-color":"","overlay-opacity":"","overlay-gradient":""}},"ast-content-background-meta":{"desktop":{"background-color":"var(--ast-global-color-5)","background-image":"","background-repeat":"repeat","background-position":"center center","background-size":"auto","background-attachment":"scroll","background-type":"","background-media":"","overlay-type":"","overlay-color":"","overlay-opacity":"","overlay-gradient":""},"tablet":{"background-color":"var(--ast-global-color-5)","background-image":"","background-repeat":"repeat","background-position":"center center","background-size":"auto","background-attachment":"scroll","background-type":"","background-media":"","overlay-type":"","overlay-color":"","overlay-opacity":"","overlay-gradient":""},"mobile":{"background-color":"var(--ast-global-color-5)","background-image":"","background-repeat":"repeat","background-position":"center center","background-size":"auto","background-attachment":"scroll","background-type":"","background-media":"","overlay-type":"","overlay-color":"","overlay-opacity":"","overlay-gradient":""}},"_joinchat":[]},"product_brand":[],"product_cat":[17],"product_tag":[],"class_list":{"0":"post-2543","1":"product","2":"type-product","3":"status-publish","4":"has-post-thumbnail","6":"product_cat-ebooks","7":"desktop-align-left","8":"tablet-align-left","9":"mobile-align-left","11":"first","12":"instock","13":"downloadable","14":"virtual","15":"taxable","16":"purchasable","17":"product-type-simple"},"yoast_head":"<!-- This site is optimized with the Yoast SEO plugin v25.5 - https:\/\/yoast.com\/wordpress\/plugins\/seo\/ -->\n<title>Destructor de creencias - Karla Lara Coach<\/title>\n<meta name=\"robots\" content=\"noindex, follow, max-snippet:-1, max-image-preview:large, max-video-preview:-1\" \/>\n<meta property=\"og:locale\" content=\"es_ES\" \/>\n<meta property=\"og:type\" content=\"article\" \/>\n<meta property=\"og:title\" content=\"Destructor de creencias - Karla Lara Coach\" \/>\n<meta property=\"og:description\" content=\"Gu\u00eda Completa para Cambiar Creencias Transforma tu mente. Transforma tu vida. \u00bfSientes que algo te detiene, pero no sabes exactamente qu\u00e9 es? Detr\u00e1s de cada autosabotaje, excusa o estancamiento\u2026 hay una creencia limitante. Este ebook es tu herramienta definitiva para identificar, cuestionar y reemplazar esas creencias que te han frenado durante a\u00f1os.  \u2714\ufe0f M\u00e9todo en 9 pasos \u2714\ufe0f +80 preguntas de autodescubrimiento \u2714\ufe0f Ejercicios profundos para cambiar tu programaci\u00f3n mental \u2714\ufe0f T\u00e9cnicas pr\u00e1cticas de reprogramaci\u00f3n \u2714\ufe0f Resultados que se reflejan en tus decisiones, relaciones y logros\" \/>\n<meta property=\"og:url\" content=\"https:\/\/karlalaracoach.com\/nueva\/producto\/destructor-de-creencias\/\" \/>\n<meta property=\"og:site_name\" content=\"Karla Lara Coach\" \/>\n<meta property=\"article:modified_time\" content=\"2025-06-29T23:46:20+00:00\" \/>\n<meta property=\"og:image\" content=\"https:\/\/karlalaracoach.com\/nueva\/wp-content\/uploads\/2025\/06\/ffcc7178-bb7f-45d1-bacf-81a7efeff370.jpg\" \/>\n\t<meta property=\"og:image:width\" content=\"643\" \/>\n\t<meta property=\"og:image:height\" content=\"914\" \/>\n\t<meta property=\"og:image:type\" content=\"image\/jpeg\" \/>\n<meta name=\"twitter:card\" content=\"summary_large_image\" \/>\n<meta name=\"twitter:label1\" content=\"Tiempo de lectura\" \/>\n\t<meta name=\"twitter:data1\" content=\"1 minuto\" \/>\n<script type=\"application\/ld+json\" class=\"yoast-schema-graph\">{\"@context\":\"https:\/\/schema.org\",\"@graph\":[{\"@type\":\"WebPage\",\"@id\":\"https:\/\/karlalaracoach.com\/nueva\/producto\/destructor-de-creencias\/\",\"url\":\"https:\/\/karlalaracoach.com\/nueva\/producto\/destructor-de-creencias\/\",\"name\":\"Destructor de creencias - Karla Lara Coach\",\"isPartOf\":{\"@id\":\"https:\/\/karlalaracoach.com\/nueva\/#website\"},\"primaryImageOfPage\":{\"@id\":\"https:\/\/karlalaracoach.com\/nueva\/producto\/destructor-de-creencias\/#primaryimage\"},\"image\":{\"@id\":\"https:\/\/karlalaracoach.com\/nueva\/producto\/destructor-de-creencias\/#primaryimage\"},\"thumbnailUrl\":\"https:\/\/karlalaracoach.com\/nueva\/wp-content\/uploads\/2025\/06\/ffcc7178-bb7f-45d1-bacf-81a7efeff370.jpg\",\"datePublished\":\"2025-06-28T23:51:54+00:00\",\"dateModified\":\"2025-06-29T23:46:20+00:00\",\"breadcrumb\":{\"@id\":\"https:\/\/karlalaracoach.com\/nueva\/producto\/destructor-de-creencias\/#breadcrumb\"},\"inLanguage\":\"es\",\"potentialAction\":[{\"@type\":\"ReadAction\",\"target\":[\"https:\/\/karlalaracoach.com\/nueva\/producto\/destructor-de-creencias\/\"]}]},{\"@type\":\"ImageObject\",\"inLanguage\":\"es\",\"@id\":\"https:\/\/karlalaracoach.com\/nueva\/producto\/destructor-de-creencias\/#primaryimage\",\"url\":\"https:\/\/karlalaracoach.com\/nueva\/wp-content\/uploads\/2025\/06\/ffcc7178-bb7f-45d1-bacf-81a7efeff370.jpg\",\"contentUrl\":\"https:\/\/karlalaracoach.com\/nueva\/wp-content\/uploads\/2025\/06\/ffcc7178-bb7f-45d1-bacf-81a7efeff370.jpg\",\"width\":643,\"height\":914},{\"@type\":\"BreadcrumbList\",\"@id\":\"https:\/\/karlalaracoach.com\/nueva\/producto\/destructor-de-creencias\/#breadcrumb\",\"itemListElement\":[{\"@type\":\"ListItem\",\"position\":1,\"name\":\"Portada\",\"item\":\"https:\/\/karlalaracoach.com\/nueva\/\"},{\"@type\":\"ListItem\",\"position\":2,\"name\":\"Tienda\",\"item\":\"https:\/\/karlalaracoach.com\/nueva\/tienda\/\"},{\"@type\":\"ListItem\",\"position\":3,\"name\":\"Destructor de creencias\"}]},{\"@type\":\"WebSite\",\"@id\":\"https:\/\/karlalaracoach.com\/nueva\/#website\",\"url\":\"https:\/\/karlalaracoach.com\/nueva\/\",\"name\":\"Karla Lara Coach\",\"description\":\"\u00a1Eres EXTRAordinario!\",\"publisher\":{\"@id\":\"https:\/\/karlalaracoach.com\/nueva\/#organization\"},\"potentialAction\":[{\"@type\":\"SearchAction\",\"target\":{\"@type\":\"EntryPoint\",\"urlTemplate\":\"https:\/\/karlalaracoach.com\/nueva\/?s={search_term_string}\"},\"query-input\":{\"@type\":\"PropertyValueSpecification\",\"valueRequired\":true,\"valueName\":\"search_term_string\"}}],\"inLanguage\":\"es\"},{\"@type\":\"Organization\",\"@id\":\"https:\/\/karlalaracoach.com\/nueva\/#organization\",\"name\":\"Karla Lara Coach\",\"url\":\"https:\/\/karlalaracoach.com\/nueva\/\",\"logo\":{\"@type\":\"ImageObject\",\"inLanguage\":\"es\",\"@id\":\"https:\/\/karlalaracoach.com\/nueva\/#\/schema\/logo\/image\/\",\"url\":\"https:\/\/karlalaracoach.com\/nueva\/wp-content\/uploads\/2025\/06\/logo-KarlaLaraCoach-min-1-300x117-1.png\",\"contentUrl\":\"https:\/\/karlalaracoach.com\/nueva\/wp-content\/uploads\/2025\/06\/logo-KarlaLaraCoach-min-1-300x117-1.png\",\"width\":300,\"height\":117,\"caption\":\"Karla Lara Coach\"},\"image\":{\"@id\":\"https:\/\/karlalaracoach.com\/nueva\/#\/schema\/logo\/image\/\"}}]}<\/script>\n<!-- \/ Yoast SEO plugin. -->","yoast_head_json":{"title":"Destructor de creencias - Karla Lara Coach","robots":{"index":"noindex","follow":"follow","max-snippet":"max-snippet:-1","max-image-preview":"max-image-preview:large","max-video-preview":"max-video-preview:-1"},"og_locale":"es_ES","og_type":"article","og_title":"Destructor de creencias - Karla Lara Coach","og_description":"Gu\u00eda Completa para Cambiar Creencias Transforma tu mente. Transforma tu vida. \u00bfSientes que algo te detiene, pero no sabes exactamente qu\u00e9 es? Detr\u00e1s de cada autosabotaje, excusa o estancamiento\u2026 hay una creencia limitante. Este ebook es tu herramienta definitiva para identificar, cuestionar y reemplazar esas creencias que te han frenado durante a\u00f1os.  \u2714\ufe0f M\u00e9todo en 9 pasos \u2714\ufe0f +80 preguntas de autodescubrimiento \u2714\ufe0f Ejercicios profundos para cambiar tu programaci\u00f3n mental \u2714\ufe0f T\u00e9cnicas pr\u00e1cticas de reprogramaci\u00f3n \u2714\ufe0f Resultados que se reflejan en tus decisiones, relaciones y logros","og_url":"https:\/\/karlalaracoach.com\/nueva\/producto\/destructor-de-creencias\/","og_site_name":"Karla Lara Coach","article_modified_time":"2025-06-29T23:46:20+00:00","og_image":[{"width":643,"height":914,"url":"https:\/\/karlalaracoach.com\/nueva\/wp-content\/uploads\/2025\/06\/ffcc7178-bb7f-45d1-bacf-81a7efeff370.jpg","type":"image\/jpeg"}],"twitter_card":"summary_large_image","twitter_misc":{"Tiempo de lectura":"1 minuto"},"schema":{"@context":"https:\/\/schema.org","@graph":[{"@type":"WebPage","@id":"https:\/\/karlalaracoach.com\/nueva\/producto\/destructor-de-creencias\/","url":"https:\/\/karlalaracoach.com\/nueva\/producto\/destructor-de-creencias\/","name":"Destructor de creencias - Karla Lara Coach","isPartOf":{"@id":"https:\/\/karlalaracoach.com\/nueva\/#website"},"primaryImageOfPage":{"@id":"https:\/\/karlalaracoach.com\/nueva\/producto\/destructor-de-creencias\/#primaryimage"},"image":{"@id":"https:\/\/karlalaracoach.com\/nueva\/producto\/destructor-de-creencias\/#primaryimage"},"thumbnailUrl":"https:\/\/karlalaracoach.com\/nueva\/wp-content\/uploads\/2025\/06\/ffcc7178-bb7f-45d1-bacf-81a7efeff370.jpg","datePublished":"2025-06-28T23:51:54+00:00","dateModified":"2025-06-29T23:46:20+00:00","breadcrumb":{"@id":"https:\/\/karlalaracoach.com\/nueva\/producto\/destructor-de-creencias\/#breadcrumb"},"inLanguage":"es","potentialAction":[{"@type":"ReadAction","target":["https:\/\/karlalaracoach.com\/nueva\/producto\/destructor-de-creencias\/"]}]},{"@type":"ImageObject","inLanguage":"es","@id":"https:\/\/karlalaracoach.com\/nueva\/producto\/destructor-de-creencias\/#primaryimage","url":"https:\/\/karlalaracoach.com\/nueva\/wp-content\/uploads\/2025\/06\/ffcc7178-bb7f-45d1-bacf-81a7efeff370.jpg","contentUrl":"https:\/\/karlalaracoach.com\/nueva\/wp-content\/uploads\/2025\/06\/ffcc7178-bb7f-45d1-bacf-81a7efeff370.jpg","width":643,"height":914},{"@type":"BreadcrumbList","@id":"https:\/\/karlalaracoach.com\/nueva\/producto\/destructor-de-creencias\/#breadcrumb","itemListElement":[{"@type":"ListItem","position":1,"name":"Portada","item":"https:\/\/karlalaracoach.com\/nueva\/"},{"@type":"ListItem","position":2,"name":"Tienda","item":"https:\/\/karlalaracoach.com\/nueva\/tienda\/"},{"@type":"ListItem","position":3,"name":"Destructor de creencias"}]},{"@type":"WebSite","@id":"https:\/\/karlalaracoach.com\/nueva\/#website","url":"https:\/\/karlalaracoach.com\/nueva\/","name":"Karla Lara Coach","description":"\u00a1Eres EXTRAordinario!","publisher":{"@id":"https:\/\/karlalaracoach.com\/nueva\/#organization"},"potentialAction":[{"@type":"SearchAction","target":{"@type":"EntryPoint","urlTemplate":"https:\/\/karlalaracoach.com\/nueva\/?s={search_term_string}"},"query-input":{"@type":"PropertyValueSpecification","valueRequired":true,"valueName":"search_term_string"}}],"inLanguage":"es"},{"@type":"Organization","@id":"https:\/\/karlalaracoach.com\/nueva\/#organization","name":"Karla Lara Coach","url":"https:\/\/karlalaracoach.com\/nueva\/","logo":{"@type":"ImageObject","inLanguage":"es","@id":"https:\/\/karlalaracoach.com\/nueva\/#\/schema\/logo\/image\/","url":"https:\/\/karlalaracoach.com\/nueva\/wp-content\/uploads\/2025\/06\/logo-KarlaLaraCoach-min-1-300x117-1.png","contentUrl":"https:\/\/karlalaracoach.com\/nueva\/wp-content\/uploads\/2025\/06\/logo-KarlaLaraCoach-min-1-300x117-1.png","width":300,"height":117,"caption":"Karla Lara Coach"},"image":{"@id":"https:\/\/karlalaracoach.com\/nueva\/#\/schema\/logo\/image\/"}}]}},"_links":{"self":[{"href":"https:\/\/karlalaracoach.com\/nueva\/wp-json\/wp\/v2\/product\/2543","targetHints":{"allow":["GET"]}}],"collection":[{"href":"https:\/\/karlalaracoach.com\/nueva\/wp-json\/wp\/v2\/product"}],"about":[{"href":"https:\/\/karlalaracoach.com\/nueva\/wp-json\/wp\/v2\/types\/product"}],"wp:featuredmedia":[{"embeddable":true,"href":"https:\/\/karlalaracoach.com\/nueva\/wp-json\/wp\/v2\/media\/2553"}],"wp:attachment":[{"href":"https:\/\/karlalaracoach.com\/nueva\/wp-json\/wp\/v2\/media?parent=2543"}],"wp:term":[{"taxonomy":"product_brand","embeddable":true,"href":"https:\/\/karlalaracoach.com\/nueva\/wp-json\/wp\/v2\/product_brand?post=2543"},{"taxonomy":"product_cat","embeddable":true,"href":"https:\/\/karlalaracoach.com\/nueva\/wp-json\/wp\/v2\/product_cat?post=2543"},{"taxonomy":"product_tag","embeddable":true,"href":"https:\/\/karlalaracoach.com\/nueva\/wp-json\/wp\/v2\/product_tag?post=2543"}],"curies":[{"name":"wp","href":"https:\/\/api.w.org\/{rel}","templated":true}]}}