{"id":2508,"date":"2025-06-27T05:57:07","date_gmt":"2025-06-27T05:57:07","guid":{"rendered":"https:\/\/karlalaracoach.com\/nueva\/?page_id=2508"},"modified":"2025-07-01T17:05:25","modified_gmt":"2025-07-01T17:05:25","slug":"codigo-de-lider","status":"publish","type":"page","link":"https:\/\/karlalaracoach.com\/nueva\/codigo-de-lider\/","title":{"rendered":"C\u00f3digo de L\u00cdDER"},"content":{"rendered":"\t\t<div data-elementor-type=\"wp-page\" data-elementor-id=\"2508\" class=\"elementor elementor-2508\" data-elementor-post-type=\"page\">\n\t\t\t\t<div class=\"elementor-element elementor-element-bc993a6 e-con-full e-flex e-con e-parent\" data-id=\"bc993a6\" data-element_type=\"container\" data-settings=\"{&quot;background_background&quot;:&quot;classic&quot;}\">\n\t\t\t\t<div class=\"elementor-element elementor-element-946ad56 elementor-widget elementor-widget-image\" data-id=\"946ad56\" data-element_type=\"widget\" data-widget_type=\"image.default\">\n\t\t\t\t<div class=\"elementor-widget-container\">\n\t\t\t\t\t\t\t\t\t\t\t\t\t\t\t<img fetchpriority=\"high\" decoding=\"async\" width=\"1200\" height=\"600\" src=\"https:\/\/karlalaracoach.com\/nueva\/wp-content\/uploads\/2025\/06\/1.png\" class=\"attachment-full size-full wp-image-2380\" alt=\"\" srcset=\"https:\/\/karlalaracoach.com\/nueva\/wp-content\/uploads\/2025\/06\/1.png 1200w, https:\/\/karlalaracoach.com\/nueva\/wp-content\/uploads\/2025\/06\/1-300x150.png 300w, https:\/\/karlalaracoach.com\/nueva\/wp-content\/uploads\/2025\/06\/1-600x300.png 600w, https:\/\/karlalaracoach.com\/nueva\/wp-content\/uploads\/2025\/06\/1-1024x512.png 1024w, https:\/\/karlalaracoach.com\/nueva\/wp-content\/uploads\/2025\/06\/1-768x384.png 768w\" sizes=\"(max-width: 1200px) 100vw, 1200px\" \/>\t\t\t\t\t\t\t\t\t\t\t\t\t\t\t<\/div>\n\t\t\t\t<\/div>\n\t\t\t\t<\/div>\n\t\t<div class=\"elementor-element elementor-element-399976b e-flex e-con-boxed e-con e-parent\" data-id=\"399976b\" data-element_type=\"container\" data-settings=\"{&quot;background_background&quot;:&quot;gradient&quot;}\">\n\t\t\t\t\t<div class=\"e-con-inner\">\n\t\t<div class=\"elementor-element elementor-element-d05e8df e-con-full e-flex e-con e-child\" data-id=\"d05e8df\" data-element_type=\"container\">\n\t\t\t\t<div class=\"elementor-element elementor-element-3a4341a elementor-widget elementor-widget-heading\" data-id=\"3a4341a\" data-element_type=\"widget\" data-widget_type=\"heading.default\">\n\t\t\t\t<div class=\"elementor-widget-container\">\n\t\t\t\t\t<h2 class=\"elementor-heading-title elementor-size-default\">El nuevo c\u00f3digo del LIDERAZGO humano<\/h2>\t\t\t\t<\/div>\n\t\t\t\t<\/div>\n\t\t\t\t<div class=\"elementor-element elementor-element-fa5c542 elementor-widget elementor-widget-heading\" data-id=\"fa5c542\" data-element_type=\"widget\" data-widget_type=\"heading.default\">\n\t\t\t\t<div class=\"elementor-widget-container\">\n\t\t\t\t\t<h4 class=\"elementor-heading-title elementor-size-default\">\u201cUna empresa solo llega tan lejos como la capacidad de adaptaci\u00f3n de sus l\u00edderes: entrenarlos no es opcional, es inteligente.\u201d<\/h4>\t\t\t\t<\/div>\n\t\t\t\t<\/div>\n\t\t\t\t<div class=\"elementor-element elementor-element-6ad3ba7 elementor-widget elementor-widget-text-editor\" data-id=\"6ad3ba7\" data-element_type=\"widget\" data-widget_type=\"text-editor.default\">\n\t\t\t\t<div class=\"elementor-widget-container\">\n\t\t\t\t\t\t\t\t\t<p><b>IDEAL PARA:<\/b><\/p><p>Eventos corporativos | Encuentros de liderazgo | Kick-offs | Jornadas de transformaci\u00f3n organizacional<\/p><p><b>PROP\u00d3SITO:<\/b><\/p><p>Demostrar que invertir en el desarrollo de l\u00edderes\u00a0<b>no es un gasto<\/b>, sino una\u00a0<b>ventaja competitiva<\/b>\u00a0para enfrentar el futuro con adaptabilidad, conciencia y resultados.<\/p>\t\t\t\t\t\t\t\t<\/div>\n\t\t\t\t<\/div>\n\t\t\t\t<div class=\"elementor-element elementor-element-30473c7 elementor-widget elementor-widget-image\" data-id=\"30473c7\" data-element_type=\"widget\" data-widget_type=\"image.default\">\n\t\t\t\t<div class=\"elementor-widget-container\">\n\t\t\t\t\t\t\t\t\t\t\t\t\t\t\t<img decoding=\"async\" width=\"1200\" height=\"600\" src=\"https:\/\/karlalaracoach.com\/nueva\/wp-content\/uploads\/2025\/07\/2.png\" class=\"attachment-full size-full wp-image-2575\" alt=\"\" srcset=\"https:\/\/karlalaracoach.com\/nueva\/wp-content\/uploads\/2025\/07\/2.png 1200w, https:\/\/karlalaracoach.com\/nueva\/wp-content\/uploads\/2025\/07\/2-300x150.png 300w, https:\/\/karlalaracoach.com\/nueva\/wp-content\/uploads\/2025\/07\/2-1024x512.png 1024w, https:\/\/karlalaracoach.com\/nueva\/wp-content\/uploads\/2025\/07\/2-768x384.png 768w, https:\/\/karlalaracoach.com\/nueva\/wp-content\/uploads\/2025\/07\/2-600x300.png 600w\" sizes=\"(max-width: 1200px) 100vw, 1200px\" \/>\t\t\t\t\t\t\t\t\t\t\t\t\t\t\t<\/div>\n\t\t\t\t<\/div>\n\t\t<div class=\"elementor-element elementor-element-e2ebd13 e-con-full e-flex e-con e-child\" data-id=\"e2ebd13\" data-element_type=\"container\">\n\t\t<div class=\"elementor-element elementor-element-f2f2b4c e-grid e-con-full e-con e-child\" data-id=\"f2f2b4c\" data-element_type=\"container\">\n\t\t<div class=\"elementor-element elementor-element-ed9c6fe e-con-full e-flex e-con e-child\" data-id=\"ed9c6fe\" data-element_type=\"container\">\n\t\t\t\t<div class=\"elementor-element elementor-element-ae2be53 elementor-widget elementor-widget-text-editor\" data-id=\"ae2be53\" data-element_type=\"widget\" data-widget_type=\"text-editor.default\">\n\t\t\t\t<div class=\"elementor-widget-container\">\n\t\t\t\t\t\t\t\t\t<p><b>\u00bfQU\u00c9 APRENDEN LOS PARTICIPANTES?<\/b><\/p><ul><li>Por qu\u00e9 el liderazgo tradicional est\u00e1 en crisis (y qu\u00e9 lo reemplaza).<\/li><li>Los\u00a0<b>5 pilares del liderazgo consciente<\/b>\u00a0para esta nueva era.<\/li><li>C\u00f3mo conectar liderazgo con indicadores como clima, retenci\u00f3n y productividad.<\/li><li>Qu\u00e9 habilidades humanas son clave en entornos altamente tecnol\u00f3gicos.<\/li><li>C\u00f3mo ser catalizadores del cambio sin perder foco operativo.<\/li><\/ul>\t\t\t\t\t\t\t\t<\/div>\n\t\t\t\t<\/div>\n\t\t\t\t<\/div>\n\t\t<div class=\"elementor-element elementor-element-a348b89 e-con-full e-flex e-con e-child\" data-id=\"a348b89\" data-element_type=\"container\">\n\t\t\t\t<div class=\"elementor-element elementor-element-71c2ef9 elementor-widget elementor-widget-text-editor\" data-id=\"71c2ef9\" data-element_type=\"widget\" data-widget_type=\"text-editor.default\">\n\t\t\t\t<div class=\"elementor-widget-container\">\n\t\t\t\t\t\t\t\t\t<p><b>HIGHLIGHTS DE LA EXPERIENCIA:<\/b><\/p><ol><li>Storytelling | M\u00e9todo de aprendizaje acelerado<\/li><li>Marco de diagn\u00f3stico + modelo pr\u00e1ctico.<\/li><li>Din\u00e1mica interactiva con visualizaci\u00f3n de impacto.<\/li><li>Datos y ejemplos de neurociencia, liderazgo adaptativo y cultura organizacional.<\/li><\/ol>\t\t\t\t\t\t\t\t<\/div>\n\t\t\t\t<\/div>\n\t\t\t\t<\/div>\n\t\t\t\t<\/div>\n\t\t\t\t<\/div>\n\t\t\t\t<\/div>\n\t\t\t\t\t<\/div>\n\t\t\t\t<\/div>\n\t\t<div class=\"elementor-element elementor-element-045a2b5 e-flex e-con-boxed e-con e-parent\" data-id=\"045a2b5\" data-element_type=\"container\" data-settings=\"{&quot;background_background&quot;:&quot;gradient&quot;}\">\n\t\t\t\t\t<div class=\"e-con-inner\">\n\t\t\t\t\t<\/div>\n\t\t\t\t<\/div>\n\t\t<div class=\"elementor-element elementor-element-7c7aa9f e-con-full e-flex e-con e-parent\" data-id=\"7c7aa9f\" data-element_type=\"container\">\n\t\t\t\t<div class=\"elementor-element elementor-element-522c32b elementor-widget elementor-widget-heading\" data-id=\"522c32b\" data-element_type=\"widget\" data-widget_type=\"heading.default\">\n\t\t\t\t<div class=\"elementor-widget-container\">\n\t\t\t\t\t<h2 class=\"elementor-heading-title elementor-size-default\">Contacta a Karla<\/h2>\t\t\t\t<\/div>\n\t\t\t\t<\/div>\n\t\t\t\t<div class=\"elementor-element elementor-element-f5a0a95 elementor-widget elementor-widget-text-editor\" data-id=\"f5a0a95\" data-element_type=\"widget\" data-widget_type=\"text-editor.default\">\n\t\t\t\t<div class=\"elementor-widget-container\">\n\t\t\t\t\t\t\t\t\t<p>El mundo puede ser un mejor lugar si cada persona descubre y reconoce su verdadero potencial.<\/p><p>Somos EXTRAordinarios. Nuestra misi\u00f3n es recordarlo, para comenzar a vivir una vida EXTRAordinaria.<\/p>\t\t\t\t\t\t\t\t<\/div>\n\t\t\t\t<\/div>\n\t\t\t\t<div class=\"elementor-element elementor-element-7ff4230 elementor-align-center elementor-widget elementor-widget-button\" data-id=\"7ff4230\" data-element_type=\"widget\" data-widget_type=\"button.default\">\n\t\t\t\t<div class=\"elementor-widget-container\">\n\t\t\t\t\t\t\t\t\t<div class=\"elementor-button-wrapper\">\n\t\t\t\t\t<a class=\"elementor-button elementor-button-link elementor-size-sm\" href=\"https:\/\/karlalaracoach.com\/nueva\/contacto\/\">\n\t\t\t\t\t\t<span class=\"elementor-button-content-wrapper\">\n\t\t\t\t\t\t\t\t\t<span class=\"elementor-button-text\">Haz clic aqu\u00ed<\/span>\n\t\t\t\t\t<\/span>\n\t\t\t\t\t<\/a>\n\t\t\t\t<\/div>\n\t\t\t\t\t\t\t\t<\/div>\n\t\t\t\t<\/div>\n\t\t\t\t<\/div>\n\t\t<div class=\"elementor-element elementor-element-1b1c0c5 e-flex e-con-boxed e-con e-parent\" data-id=\"1b1c0c5\" data-element_type=\"container\">\n\t\t\t\t\t<div class=\"e-con-inner\">\n\t\t\t\t<div class=\"elementor-element elementor-element-2e51835 elementor-widget elementor-widget-spacer\" data-id=\"2e51835\" data-element_type=\"widget\" data-widget_type=\"spacer.default\">\n\t\t\t\t<div class=\"elementor-widget-container\">\n\t\t\t\t\t\t\t<div class=\"elementor-spacer\">\n\t\t\t<div class=\"elementor-spacer-inner\"><\/div>\n\t\t<\/div>\n\t\t\t\t\t\t<\/div>\n\t\t\t\t<\/div>\n\t\t\t\t\t<\/div>\n\t\t\t\t<\/div>\n\t\t\t\t<\/div>\n\t\t","protected":false},"excerpt":{"rendered":"<p>El nuevo c\u00f3digo del LIDERAZGO humano \u201cUna empresa solo llega tan lejos como la capacidad de adaptaci\u00f3n de sus l\u00edderes: entrenarlos no es opcional, es inteligente.\u201d IDEAL PARA: Eventos corporativos | Encuentros de liderazgo | Kick-offs | Jornadas de transformaci\u00f3n organizacional PROP\u00d3SITO: Demostrar que invertir en el desarrollo de l\u00edderes\u00a0no es un gasto, sino una\u00a0ventaja [&hellip;]<\/p>\n","protected":false},"author":1,"featured_media":0,"parent":0,"menu_order":0,"comment_status":"closed","ping_status":"closed","template":"elementor_header_footer","meta":{"site-sidebar-layout":"no-sidebar","site-content-layout":"page-builder","ast-site-content-layout":"full-width-container","site-content-style":"boxed","site-sidebar-style":"unboxed","ast-global-header-display":"","ast-banner-title-visibility":"","ast-main-header-display":"","ast-hfb-above-header-display":"","ast-hfb-below-header-display":"","ast-hfb-mobile-header-display":"","site-post-title":"disabled","ast-breadcrumbs-content":"disabled","ast-featured-img":"disabled","footer-sml-layout":"","theme-transparent-header-meta":"disabled","adv-header-id-meta":"","stick-header-meta":"","header-above-stick-meta":"","header-main-stick-meta":"","header-below-stick-meta":"","astra-migrate-meta-layouts":"set","ast-page-background-enabled":"default","ast-page-background-meta":{"desktop":{"background-color":"","background-image":"","background-repeat":"repeat","background-position":"center center","background-size":"auto","background-attachment":"scroll","background-type":"","background-media":"","overlay-type":"","overlay-color":"","overlay-opacity":"","overlay-gradient":""},"tablet":{"background-color":"","background-image":"","background-repeat":"repeat","background-position":"center center","background-size":"auto","background-attachment":"scroll","background-type":"","background-media":"","overlay-type":"","overlay-color":"","overlay-opacity":"","overlay-gradient":""},"mobile":{"background-color":"","background-image":"","background-repeat":"repeat","background-position":"center center","background-size":"auto","background-attachment":"scroll","background-type":"","background-media":"","overlay-type":"","overlay-color":"","overlay-opacity":"","overlay-gradient":""}},"ast-content-background-meta":{"desktop":{"background-color":"var(--ast-global-color-5)","background-image":"","background-repeat":"repeat","background-position":"center center","background-size":"auto","background-attachment":"scroll","background-type":"","background-media":"","overlay-type":"","overlay-color":"","overlay-opacity":"","overlay-gradient":""},"tablet":{"background-color":"var(--ast-global-color-5)","background-image":"","background-repeat":"repeat","background-position":"center center","background-size":"auto","background-attachment":"scroll","background-type":"","background-media":"","overlay-type":"","overlay-color":"","overlay-opacity":"","overlay-gradient":""},"mobile":{"background-color":"var(--ast-global-color-5)","background-image":"","background-repeat":"repeat","background-position":"center center","background-size":"auto","background-attachment":"scroll","background-type":"","background-media":"","overlay-type":"","overlay-color":"","overlay-opacity":"","overlay-gradient":""}},"_joinchat":[],"footnotes":""},"class_list":["post-2508","page","type-page","status-publish","hentry"],"yoast_head":"<!-- This site is optimized with the Yoast SEO plugin v25.5 - https:\/\/yoast.com\/wordpress\/plugins\/seo\/ -->\n<title>C\u00f3digo de L\u00cdDER - Karla Lara Coach<\/title>\n<meta name=\"robots\" content=\"noindex, follow, max-snippet:-1, max-image-preview:large, max-video-preview:-1\" \/>\n<meta property=\"og:locale\" content=\"es_ES\" \/>\n<meta property=\"og:type\" content=\"article\" \/>\n<meta property=\"og:title\" content=\"C\u00f3digo de L\u00cdDER - Karla Lara Coach\" \/>\n<meta property=\"og:description\" content=\"El nuevo c\u00f3digo del LIDERAZGO humano \u201cUna empresa solo llega tan lejos como la capacidad de adaptaci\u00f3n de sus l\u00edderes: entrenarlos no es opcional, es inteligente.\u201d IDEAL PARA: Eventos corporativos | Encuentros de liderazgo | Kick-offs | Jornadas de transformaci\u00f3n organizacional PROP\u00d3SITO: Demostrar que invertir en el desarrollo de l\u00edderes\u00a0no es un gasto, sino una\u00a0ventaja [&hellip;]\" \/>\n<meta property=\"og:url\" content=\"https:\/\/karlalaracoach.com\/nueva\/codigo-de-lider\/\" \/>\n<meta property=\"og:site_name\" content=\"Karla Lara Coach\" \/>\n<meta property=\"article:modified_time\" content=\"2025-07-01T17:05:25+00:00\" \/>\n<meta property=\"og:image\" content=\"https:\/\/karlalaracoach.com\/nueva\/wp-content\/uploads\/2025\/06\/1.png\" \/>\n\t<meta property=\"og:image:width\" content=\"1200\" \/>\n\t<meta property=\"og:image:height\" content=\"600\" \/>\n\t<meta property=\"og:image:type\" content=\"image\/png\" \/>\n<meta name=\"twitter:card\" content=\"summary_large_image\" \/>\n<meta name=\"twitter:label1\" content=\"Tiempo de lectura\" \/>\n\t<meta name=\"twitter:data1\" content=\"4 minutos\" \/>\n<script type=\"application\/ld+json\" class=\"yoast-schema-graph\">{\"@context\":\"https:\/\/schema.org\",\"@graph\":[{\"@type\":\"WebPage\",\"@id\":\"https:\/\/karlalaracoach.com\/nueva\/codigo-de-lider\/\",\"url\":\"https:\/\/karlalaracoach.com\/nueva\/codigo-de-lider\/\",\"name\":\"C\u00f3digo de L\u00cdDER - Karla Lara Coach\",\"isPartOf\":{\"@id\":\"https:\/\/karlalaracoach.com\/nueva\/#website\"},\"primaryImageOfPage\":{\"@id\":\"https:\/\/karlalaracoach.com\/nueva\/codigo-de-lider\/#primaryimage\"},\"image\":{\"@id\":\"https:\/\/karlalaracoach.com\/nueva\/codigo-de-lider\/#primaryimage\"},\"thumbnailUrl\":\"https:\/\/karlalaracoach.com\/nueva\/wp-content\/uploads\/2025\/06\/1.png\",\"datePublished\":\"2025-06-27T05:57:07+00:00\",\"dateModified\":\"2025-07-01T17:05:25+00:00\",\"breadcrumb\":{\"@id\":\"https:\/\/karlalaracoach.com\/nueva\/codigo-de-lider\/#breadcrumb\"},\"inLanguage\":\"es\",\"potentialAction\":[{\"@type\":\"ReadAction\",\"target\":[\"https:\/\/karlalaracoach.com\/nueva\/codigo-de-lider\/\"]}]},{\"@type\":\"ImageObject\",\"inLanguage\":\"es\",\"@id\":\"https:\/\/karlalaracoach.com\/nueva\/codigo-de-lider\/#primaryimage\",\"url\":\"https:\/\/karlalaracoach.com\/nueva\/wp-content\/uploads\/2025\/06\/1.png\",\"contentUrl\":\"https:\/\/karlalaracoach.com\/nueva\/wp-content\/uploads\/2025\/06\/1.png\",\"width\":1200,\"height\":600},{\"@type\":\"BreadcrumbList\",\"@id\":\"https:\/\/karlalaracoach.com\/nueva\/codigo-de-lider\/#breadcrumb\",\"itemListElement\":[{\"@type\":\"ListItem\",\"position\":1,\"name\":\"Portada\",\"item\":\"https:\/\/karlalaracoach.com\/nueva\/\"},{\"@type\":\"ListItem\",\"position\":2,\"name\":\"C\u00f3digo de L\u00cdDER\"}]},{\"@type\":\"WebSite\",\"@id\":\"https:\/\/karlalaracoach.com\/nueva\/#website\",\"url\":\"https:\/\/karlalaracoach.com\/nueva\/\",\"name\":\"Karla Lara Coach\",\"description\":\"\u00a1Eres EXTRAordinario!\",\"publisher\":{\"@id\":\"https:\/\/karlalaracoach.com\/nueva\/#organization\"},\"potentialAction\":[{\"@type\":\"SearchAction\",\"target\":{\"@type\":\"EntryPoint\",\"urlTemplate\":\"https:\/\/karlalaracoach.com\/nueva\/?s={search_term_string}\"},\"query-input\":{\"@type\":\"PropertyValueSpecification\",\"valueRequired\":true,\"valueName\":\"search_term_string\"}}],\"inLanguage\":\"es\"},{\"@type\":\"Organization\",\"@id\":\"https:\/\/karlalaracoach.com\/nueva\/#organization\",\"name\":\"Karla Lara Coach\",\"url\":\"https:\/\/karlalaracoach.com\/nueva\/\",\"logo\":{\"@type\":\"ImageObject\",\"inLanguage\":\"es\",\"@id\":\"https:\/\/karlalaracoach.com\/nueva\/#\/schema\/logo\/image\/\",\"url\":\"https:\/\/karlalaracoach.com\/nueva\/wp-content\/uploads\/2025\/06\/logo-KarlaLaraCoach-min-1-300x117-1.png\",\"contentUrl\":\"https:\/\/karlalaracoach.com\/nueva\/wp-content\/uploads\/2025\/06\/logo-KarlaLaraCoach-min-1-300x117-1.png\",\"width\":300,\"height\":117,\"caption\":\"Karla Lara Coach\"},\"image\":{\"@id\":\"https:\/\/karlalaracoach.com\/nueva\/#\/schema\/logo\/image\/\"}}]}<\/script>\n<!-- \/ Yoast SEO plugin. -->","yoast_head_json":{"title":"C\u00f3digo de L\u00cdDER - Karla Lara Coach","robots":{"index":"noindex","follow":"follow","max-snippet":"max-snippet:-1","max-image-preview":"max-image-preview:large","max-video-preview":"max-video-preview:-1"},"og_locale":"es_ES","og_type":"article","og_title":"C\u00f3digo de L\u00cdDER - Karla Lara Coach","og_description":"El nuevo c\u00f3digo del LIDERAZGO humano \u201cUna empresa solo llega tan lejos como la capacidad de adaptaci\u00f3n de sus l\u00edderes: entrenarlos no es opcional, es inteligente.\u201d IDEAL PARA: Eventos corporativos | Encuentros de liderazgo | Kick-offs | Jornadas de transformaci\u00f3n organizacional PROP\u00d3SITO: Demostrar que invertir en el desarrollo de l\u00edderes\u00a0no es un gasto, sino una\u00a0ventaja [&hellip;]","og_url":"https:\/\/karlalaracoach.com\/nueva\/codigo-de-lider\/","og_site_name":"Karla Lara Coach","article_modified_time":"2025-07-01T17:05:25+00:00","og_image":[{"width":1200,"height":600,"url":"https:\/\/karlalaracoach.com\/nueva\/wp-content\/uploads\/2025\/06\/1.png","type":"image\/png"}],"twitter_card":"summary_large_image","twitter_misc":{"Tiempo de lectura":"4 minutos"},"schema":{"@context":"https:\/\/schema.org","@graph":[{"@type":"WebPage","@id":"https:\/\/karlalaracoach.com\/nueva\/codigo-de-lider\/","url":"https:\/\/karlalaracoach.com\/nueva\/codigo-de-lider\/","name":"C\u00f3digo de L\u00cdDER - Karla Lara Coach","isPartOf":{"@id":"https:\/\/karlalaracoach.com\/nueva\/#website"},"primaryImageOfPage":{"@id":"https:\/\/karlalaracoach.com\/nueva\/codigo-de-lider\/#primaryimage"},"image":{"@id":"https:\/\/karlalaracoach.com\/nueva\/codigo-de-lider\/#primaryimage"},"thumbnailUrl":"https:\/\/karlalaracoach.com\/nueva\/wp-content\/uploads\/2025\/06\/1.png","datePublished":"2025-06-27T05:57:07+00:00","dateModified":"2025-07-01T17:05:25+00:00","breadcrumb":{"@id":"https:\/\/karlalaracoach.com\/nueva\/codigo-de-lider\/#breadcrumb"},"inLanguage":"es","potentialAction":[{"@type":"ReadAction","target":["https:\/\/karlalaracoach.com\/nueva\/codigo-de-lider\/"]}]},{"@type":"ImageObject","inLanguage":"es","@id":"https:\/\/karlalaracoach.com\/nueva\/codigo-de-lider\/#primaryimage","url":"https:\/\/karlalaracoach.com\/nueva\/wp-content\/uploads\/2025\/06\/1.png","contentUrl":"https:\/\/karlalaracoach.com\/nueva\/wp-content\/uploads\/2025\/06\/1.png","width":1200,"height":600},{"@type":"BreadcrumbList","@id":"https:\/\/karlalaracoach.com\/nueva\/codigo-de-lider\/#breadcrumb","itemListElement":[{"@type":"ListItem","position":1,"name":"Portada","item":"https:\/\/karlalaracoach.com\/nueva\/"},{"@type":"ListItem","position":2,"name":"C\u00f3digo de L\u00cdDER"}]},{"@type":"WebSite","@id":"https:\/\/karlalaracoach.com\/nueva\/#website","url":"https:\/\/karlalaracoach.com\/nueva\/","name":"Karla Lara Coach","description":"\u00a1Eres EXTRAordinario!","publisher":{"@id":"https:\/\/karlalaracoach.com\/nueva\/#organization"},"potentialAction":[{"@type":"SearchAction","target":{"@type":"EntryPoint","urlTemplate":"https:\/\/karlalaracoach.com\/nueva\/?s={search_term_string}"},"query-input":{"@type":"PropertyValueSpecification","valueRequired":true,"valueName":"search_term_string"}}],"inLanguage":"es"},{"@type":"Organization","@id":"https:\/\/karlalaracoach.com\/nueva\/#organization","name":"Karla Lara Coach","url":"https:\/\/karlalaracoach.com\/nueva\/","logo":{"@type":"ImageObject","inLanguage":"es","@id":"https:\/\/karlalaracoach.com\/nueva\/#\/schema\/logo\/image\/","url":"https:\/\/karlalaracoach.com\/nueva\/wp-content\/uploads\/2025\/06\/logo-KarlaLaraCoach-min-1-300x117-1.png","contentUrl":"https:\/\/karlalaracoach.com\/nueva\/wp-content\/uploads\/2025\/06\/logo-KarlaLaraCoach-min-1-300x117-1.png","width":300,"height":117,"caption":"Karla Lara Coach"},"image":{"@id":"https:\/\/karlalaracoach.com\/nueva\/#\/schema\/logo\/image\/"}}]}},"_links":{"self":[{"href":"https:\/\/karlalaracoach.com\/nueva\/wp-json\/wp\/v2\/pages\/2508","targetHints":{"allow":["GET"]}}],"collection":[{"href":"https:\/\/karlalaracoach.com\/nueva\/wp-json\/wp\/v2\/pages"}],"about":[{"href":"https:\/\/karlalaracoach.com\/nueva\/wp-json\/wp\/v2\/types\/page"}],"author":[{"embeddable":true,"href":"https:\/\/karlalaracoach.com\/nueva\/wp-json\/wp\/v2\/users\/1"}],"replies":[{"embeddable":true,"href":"https:\/\/karlalaracoach.com\/nueva\/wp-json\/wp\/v2\/comments?post=2508"}],"version-history":[{"count":10,"href":"https:\/\/karlalaracoach.com\/nueva\/wp-json\/wp\/v2\/pages\/2508\/revisions"}],"predecessor-version":[{"id":2583,"href":"https:\/\/karlalaracoach.com\/nueva\/wp-json\/wp\/v2\/pages\/2508\/revisions\/2583"}],"wp:attachment":[{"href":"https:\/\/karlalaracoach.com\/nueva\/wp-json\/wp\/v2\/media?parent=2508"}],"curies":[{"name":"wp","href":"https:\/\/api.w.org\/{rel}","templated":true}]}}