{"id":2407,"date":"2025-06-26T17:56:09","date_gmt":"2025-06-26T17:56:09","guid":{"rendered":"https:\/\/karlalaracoach.com\/nueva\/?page_id=2407"},"modified":"2025-07-01T17:09:26","modified_gmt":"2025-07-01T17:09:26","slug":"el-roi-del-bienestar","status":"publish","type":"page","link":"https:\/\/karlalaracoach.com\/nueva\/el-roi-del-bienestar\/","title":{"rendered":"El ROI del BIENESTAR"},"content":{"rendered":"\t\t<div data-elementor-type=\"wp-page\" data-elementor-id=\"2407\" class=\"elementor elementor-2407\" data-elementor-post-type=\"page\">\n\t\t\t\t<div class=\"elementor-element elementor-element-bc993a6 e-con-full e-flex e-con e-parent\" data-id=\"bc993a6\" data-element_type=\"container\" data-settings=\"{&quot;background_background&quot;:&quot;classic&quot;}\">\n\t\t\t\t<div class=\"elementor-element elementor-element-946ad56 elementor-widget elementor-widget-image\" data-id=\"946ad56\" data-element_type=\"widget\" data-widget_type=\"image.default\">\n\t\t\t\t<div class=\"elementor-widget-container\">\n\t\t\t\t\t\t\t\t\t\t\t\t\t\t\t<img fetchpriority=\"high\" decoding=\"async\" width=\"1200\" height=\"600\" src=\"https:\/\/karlalaracoach.com\/nueva\/wp-content\/uploads\/2025\/06\/2.png\" class=\"attachment-full size-full wp-image-2382\" alt=\"\" srcset=\"https:\/\/karlalaracoach.com\/nueva\/wp-content\/uploads\/2025\/06\/2.png 1200w, https:\/\/karlalaracoach.com\/nueva\/wp-content\/uploads\/2025\/06\/2-300x150.png 300w, https:\/\/karlalaracoach.com\/nueva\/wp-content\/uploads\/2025\/06\/2-600x300.png 600w, https:\/\/karlalaracoach.com\/nueva\/wp-content\/uploads\/2025\/06\/2-1024x512.png 1024w, https:\/\/karlalaracoach.com\/nueva\/wp-content\/uploads\/2025\/06\/2-768x384.png 768w\" sizes=\"(max-width: 1200px) 100vw, 1200px\" \/>\t\t\t\t\t\t\t\t\t\t\t\t\t\t\t<\/div>\n\t\t\t\t<\/div>\n\t\t\t\t<\/div>\n\t\t<div class=\"elementor-element elementor-element-399976b e-flex e-con-boxed e-con e-parent\" data-id=\"399976b\" data-element_type=\"container\" data-settings=\"{&quot;background_background&quot;:&quot;gradient&quot;}\">\n\t\t\t\t\t<div class=\"e-con-inner\">\n\t\t<div class=\"elementor-element elementor-element-d05e8df e-con-full e-flex e-con e-child\" data-id=\"d05e8df\" data-element_type=\"container\">\n\t\t\t\t<div class=\"elementor-element elementor-element-3a4341a elementor-widget elementor-widget-heading\" data-id=\"3a4341a\" data-element_type=\"widget\" data-widget_type=\"heading.default\">\n\t\t\t\t<div class=\"elementor-widget-container\">\n\t\t\t\t\t<h2 class=\"elementor-heading-title elementor-size-default\">El ROI del BIENESTAR<\/h2>\t\t\t\t<\/div>\n\t\t\t\t<\/div>\n\t\t\t\t<div class=\"elementor-element elementor-element-fa5c542 elementor-widget elementor-widget-heading\" data-id=\"fa5c542\" data-element_type=\"widget\" data-widget_type=\"heading.default\">\n\t\t\t\t<div class=\"elementor-widget-container\">\n\t\t\t\t\t<h4 class=\"elementor-heading-title elementor-size-default\">\u201cEl bienestar no es un lujo emocional. Es una estrategia de negocio con retorno probado.\u201d<\/h4>\t\t\t\t<\/div>\n\t\t\t\t<\/div>\n\t\t\t\t<div class=\"elementor-element elementor-element-6ad3ba7 elementor-widget elementor-widget-text-editor\" data-id=\"6ad3ba7\" data-element_type=\"widget\" data-widget_type=\"text-editor.default\">\n\t\t\t\t<div class=\"elementor-widget-container\">\n\t\t\t\t\t\t\t\t\t<p><b>I<\/b><b>DEAL PARA:<\/b><\/p><p>Empresas en transformaci\u00f3n cultural | Equipos de RRHH | L\u00edderes de personas | Eventos de salud organizacional<\/p><p><b>PROP\u00d3SITO:<\/b><\/p><p>Demostrar que el bienestar no es un \u201cextra\u201d motivacional, sino una\u00a0<b>decisi\u00f3n estrat\u00e9gica<\/b>\u00a0que impacta directamente en productividad, innovaci\u00f3n, engagement y retenci\u00f3n.<\/p>\t\t\t\t\t\t\t\t<\/div>\n\t\t\t\t<\/div>\n\t\t\t\t<div class=\"elementor-element elementor-element-30473c7 elementor-widget elementor-widget-image\" data-id=\"30473c7\" data-element_type=\"widget\" data-widget_type=\"image.default\">\n\t\t\t\t<div class=\"elementor-widget-container\">\n\t\t\t\t\t\t\t\t\t\t\t\t\t\t\t<img decoding=\"async\" width=\"1200\" height=\"600\" src=\"https:\/\/karlalaracoach.com\/nueva\/wp-content\/uploads\/2025\/07\/1.png\" class=\"attachment-full size-full wp-image-2577\" alt=\"\" srcset=\"https:\/\/karlalaracoach.com\/nueva\/wp-content\/uploads\/2025\/07\/1.png 1200w, https:\/\/karlalaracoach.com\/nueva\/wp-content\/uploads\/2025\/07\/1-300x150.png 300w, https:\/\/karlalaracoach.com\/nueva\/wp-content\/uploads\/2025\/07\/1-1024x512.png 1024w, https:\/\/karlalaracoach.com\/nueva\/wp-content\/uploads\/2025\/07\/1-768x384.png 768w, https:\/\/karlalaracoach.com\/nueva\/wp-content\/uploads\/2025\/07\/1-600x300.png 600w\" sizes=\"(max-width: 1200px) 100vw, 1200px\" \/>\t\t\t\t\t\t\t\t\t\t\t\t\t\t\t<\/div>\n\t\t\t\t<\/div>\n\t\t<div class=\"elementor-element elementor-element-e2ebd13 e-con-full e-flex e-con e-child\" data-id=\"e2ebd13\" data-element_type=\"container\">\n\t\t<div class=\"elementor-element elementor-element-f2f2b4c e-grid e-con-full e-con e-child\" data-id=\"f2f2b4c\" data-element_type=\"container\">\n\t\t<div class=\"elementor-element elementor-element-ed9c6fe e-con-full e-flex e-con e-child\" data-id=\"ed9c6fe\" data-element_type=\"container\">\n\t\t\t\t<div class=\"elementor-element elementor-element-ae2be53 elementor-widget elementor-widget-text-editor\" data-id=\"ae2be53\" data-element_type=\"widget\" data-widget_type=\"text-editor.default\">\n\t\t\t\t<div class=\"elementor-widget-container\">\n\t\t\t\t\t\t\t\t\t<p><b>\u00bfQU\u00c9 APRENDEN LOS PARTICIPANTES?<\/b><\/p><ul><li>Por qu\u00e9 el bienestar dej\u00f3 de ser un beneficio y se convirti\u00f3 en un driver de negocio.<\/li><li>Cu\u00e1les son las\u00a0<b>m\u00e9tricas clave que conectan bienestar con resultados financieros<\/b>.<\/li><li>C\u00f3mo crear una cultura de alto rendimiento sin sacrificar salud mental ni prop\u00f3sito.<\/li><li>Qu\u00e9 comportamientos de liderazgo fomentan (o sabotean) el bienestar sostenible.<\/li><li>Casos reales y evidencias cient\u00edficas que sustentan el impacto econ\u00f3mico del bienestar.<\/li><\/ul>\t\t\t\t\t\t\t\t<\/div>\n\t\t\t\t<\/div>\n\t\t\t\t<\/div>\n\t\t<div class=\"elementor-element elementor-element-a348b89 e-con-full e-flex e-con e-child\" data-id=\"a348b89\" data-element_type=\"container\">\n\t\t\t\t<div class=\"elementor-element elementor-element-71c2ef9 elementor-widget elementor-widget-text-editor\" data-id=\"71c2ef9\" data-element_type=\"widget\" data-widget_type=\"text-editor.default\">\n\t\t\t\t<div class=\"elementor-widget-container\">\n\t\t\t\t\t\t\t\t\t<p><b>HIGHLIGHTS DE LA EXPERIENCIA:<\/b><\/p><ol><li>Inicio con datos que despiertan urgencia: \u201cCada d\u00f3lar invertido en bienestar genera hasta 6 de retorno.\u201d<\/li><li>Modelo de las\u00a0<b>4 dimensiones del bienestar organizacional<\/b>.<\/li><li>Din\u00e1mica: autodiagn\u00f3stico de bienestar empresarial.<\/li><li>Revisi\u00f3n de casos globales (Google, Patagonia, empresas B\u2026).<\/li><li>\u201cBienestar no es descanso. Es rendimiento bien gestionado.\u201d<\/li><\/ol>\t\t\t\t\t\t\t\t<\/div>\n\t\t\t\t<\/div>\n\t\t\t\t<\/div>\n\t\t\t\t<\/div>\n\t\t\t\t<\/div>\n\t\t\t\t<\/div>\n\t\t\t\t\t<\/div>\n\t\t\t\t<\/div>\n\t\t<div class=\"elementor-element elementor-element-045a2b5 e-flex e-con-boxed e-con e-parent\" data-id=\"045a2b5\" data-element_type=\"container\" data-settings=\"{&quot;background_background&quot;:&quot;gradient&quot;}\">\n\t\t\t\t\t<div class=\"e-con-inner\">\n\t\t\t\t\t<\/div>\n\t\t\t\t<\/div>\n\t\t<div class=\"elementor-element elementor-element-7c7aa9f e-con-full e-flex e-con e-parent\" data-id=\"7c7aa9f\" data-element_type=\"container\">\n\t\t\t\t<div class=\"elementor-element elementor-element-522c32b elementor-widget elementor-widget-heading\" data-id=\"522c32b\" data-element_type=\"widget\" data-widget_type=\"heading.default\">\n\t\t\t\t<div class=\"elementor-widget-container\">\n\t\t\t\t\t<h2 class=\"elementor-heading-title elementor-size-default\">Contacta a Karla<\/h2>\t\t\t\t<\/div>\n\t\t\t\t<\/div>\n\t\t\t\t<div class=\"elementor-element elementor-element-f5a0a95 elementor-widget elementor-widget-text-editor\" data-id=\"f5a0a95\" data-element_type=\"widget\" data-widget_type=\"text-editor.default\">\n\t\t\t\t<div class=\"elementor-widget-container\">\n\t\t\t\t\t\t\t\t\t<p>El mundo puede ser un mejor lugar si cada persona descubre y reconoce su verdadero potencial.<\/p><p>Somos EXTRAordinarios. Nuestra misi\u00f3n es recordarlo, para comenzar a vivir una vida EXTRAordinaria.<\/p>\t\t\t\t\t\t\t\t<\/div>\n\t\t\t\t<\/div>\n\t\t\t\t<div class=\"elementor-element elementor-element-7ff4230 elementor-align-center elementor-widget elementor-widget-button\" data-id=\"7ff4230\" data-element_type=\"widget\" data-widget_type=\"button.default\">\n\t\t\t\t<div class=\"elementor-widget-container\">\n\t\t\t\t\t\t\t\t\t<div class=\"elementor-button-wrapper\">\n\t\t\t\t\t<a class=\"elementor-button elementor-button-link elementor-size-sm\" href=\"https:\/\/karlalaracoach.com\/nueva\/contacto\/\">\n\t\t\t\t\t\t<span class=\"elementor-button-content-wrapper\">\n\t\t\t\t\t\t\t\t\t<span class=\"elementor-button-text\">Haz clic aqu\u00ed<\/span>\n\t\t\t\t\t<\/span>\n\t\t\t\t\t<\/a>\n\t\t\t\t<\/div>\n\t\t\t\t\t\t\t\t<\/div>\n\t\t\t\t<\/div>\n\t\t\t\t<\/div>\n\t\t<div class=\"elementor-element elementor-element-1b1c0c5 e-flex e-con-boxed e-con e-parent\" data-id=\"1b1c0c5\" data-element_type=\"container\">\n\t\t\t\t\t<div class=\"e-con-inner\">\n\t\t\t\t<div class=\"elementor-element elementor-element-2e51835 elementor-widget elementor-widget-spacer\" data-id=\"2e51835\" data-element_type=\"widget\" data-widget_type=\"spacer.default\">\n\t\t\t\t<div class=\"elementor-widget-container\">\n\t\t\t\t\t\t\t<div class=\"elementor-spacer\">\n\t\t\t<div class=\"elementor-spacer-inner\"><\/div>\n\t\t<\/div>\n\t\t\t\t\t\t<\/div>\n\t\t\t\t<\/div>\n\t\t\t\t\t<\/div>\n\t\t\t\t<\/div>\n\t\t\t\t<\/div>\n\t\t","protected":false},"excerpt":{"rendered":"<p>El ROI del BIENESTAR \u201cEl bienestar no es un lujo emocional. Es una estrategia de negocio con retorno probado.\u201d IDEAL PARA: Empresas en transformaci\u00f3n cultural | Equipos de RRHH | L\u00edderes de personas | Eventos de salud organizacional PROP\u00d3SITO: Demostrar que el bienestar no es un \u201cextra\u201d motivacional, sino una\u00a0decisi\u00f3n estrat\u00e9gica\u00a0que impacta directamente en productividad, [&hellip;]<\/p>\n","protected":false},"author":1,"featured_media":0,"parent":0,"menu_order":0,"comment_status":"closed","ping_status":"closed","template":"elementor_header_footer","meta":{"site-sidebar-layout":"no-sidebar","site-content-layout":"page-builder","ast-site-content-layout":"full-width-container","site-content-style":"boxed","site-sidebar-style":"unboxed","ast-global-header-display":"","ast-banner-title-visibility":"","ast-main-header-display":"","ast-hfb-above-header-display":"","ast-hfb-below-header-display":"","ast-hfb-mobile-header-display":"","site-post-title":"disabled","ast-breadcrumbs-content":"disabled","ast-featured-img":"disabled","footer-sml-layout":"","theme-transparent-header-meta":"disabled","adv-header-id-meta":"","stick-header-meta":"","header-above-stick-meta":"","header-main-stick-meta":"","header-below-stick-meta":"","astra-migrate-meta-layouts":"set","ast-page-background-enabled":"default","ast-page-background-meta":{"desktop":{"background-color":"","background-image":"","background-repeat":"repeat","background-position":"center center","background-size":"auto","background-attachment":"scroll","background-type":"","background-media":"","overlay-type":"","overlay-color":"","overlay-opacity":"","overlay-gradient":""},"tablet":{"background-color":"","background-image":"","background-repeat":"repeat","background-position":"center center","background-size":"auto","background-attachment":"scroll","background-type":"","background-media":"","overlay-type":"","overlay-color":"","overlay-opacity":"","overlay-gradient":""},"mobile":{"background-color":"","background-image":"","background-repeat":"repeat","background-position":"center center","background-size":"auto","background-attachment":"scroll","background-type":"","background-media":"","overlay-type":"","overlay-color":"","overlay-opacity":"","overlay-gradient":""}},"ast-content-background-meta":{"desktop":{"background-color":"var(--ast-global-color-5)","background-image":"","background-repeat":"repeat","background-position":"center center","background-size":"auto","background-attachment":"scroll","background-type":"","background-media":"","overlay-type":"","overlay-color":"","overlay-opacity":"","overlay-gradient":""},"tablet":{"background-color":"var(--ast-global-color-5)","background-image":"","background-repeat":"repeat","background-position":"center center","background-size":"auto","background-attachment":"scroll","background-type":"","background-media":"","overlay-type":"","overlay-color":"","overlay-opacity":"","overlay-gradient":""},"mobile":{"background-color":"var(--ast-global-color-5)","background-image":"","background-repeat":"repeat","background-position":"center center","background-size":"auto","background-attachment":"scroll","background-type":"","background-media":"","overlay-type":"","overlay-color":"","overlay-opacity":"","overlay-gradient":""}},"_joinchat":[],"footnotes":""},"class_list":["post-2407","page","type-page","status-publish","hentry"],"yoast_head":"<!-- This site is optimized with the Yoast SEO plugin v25.5 - https:\/\/yoast.com\/wordpress\/plugins\/seo\/ -->\n<title>El ROI del BIENESTAR - Karla Lara Coach<\/title>\n<meta name=\"robots\" content=\"noindex, follow, max-snippet:-1, max-image-preview:large, max-video-preview:-1\" \/>\n<meta property=\"og:locale\" content=\"es_ES\" \/>\n<meta property=\"og:type\" content=\"article\" \/>\n<meta property=\"og:title\" content=\"El ROI del BIENESTAR - Karla Lara Coach\" \/>\n<meta property=\"og:description\" content=\"El ROI del BIENESTAR \u201cEl bienestar no es un lujo emocional. Es una estrategia de negocio con retorno probado.\u201d IDEAL PARA: Empresas en transformaci\u00f3n cultural | Equipos de RRHH | L\u00edderes de personas | Eventos de salud organizacional PROP\u00d3SITO: Demostrar que el bienestar no es un \u201cextra\u201d motivacional, sino una\u00a0decisi\u00f3n estrat\u00e9gica\u00a0que impacta directamente en productividad, [&hellip;]\" \/>\n<meta property=\"og:url\" content=\"https:\/\/karlalaracoach.com\/nueva\/el-roi-del-bienestar\/\" \/>\n<meta property=\"og:site_name\" content=\"Karla Lara Coach\" \/>\n<meta property=\"article:modified_time\" content=\"2025-07-01T17:09:26+00:00\" \/>\n<meta property=\"og:image\" content=\"https:\/\/karlalaracoach.com\/nueva\/wp-content\/uploads\/2025\/06\/2.png\" \/>\n\t<meta property=\"og:image:width\" content=\"1200\" \/>\n\t<meta property=\"og:image:height\" content=\"600\" \/>\n\t<meta property=\"og:image:type\" content=\"image\/png\" \/>\n<meta name=\"twitter:card\" content=\"summary_large_image\" \/>\n<meta name=\"twitter:label1\" content=\"Tiempo de lectura\" \/>\n\t<meta name=\"twitter:data1\" content=\"4 minutos\" \/>\n<script type=\"application\/ld+json\" class=\"yoast-schema-graph\">{\"@context\":\"https:\/\/schema.org\",\"@graph\":[{\"@type\":\"WebPage\",\"@id\":\"https:\/\/karlalaracoach.com\/nueva\/el-roi-del-bienestar\/\",\"url\":\"https:\/\/karlalaracoach.com\/nueva\/el-roi-del-bienestar\/\",\"name\":\"El ROI del BIENESTAR - Karla Lara Coach\",\"isPartOf\":{\"@id\":\"https:\/\/karlalaracoach.com\/nueva\/#website\"},\"primaryImageOfPage\":{\"@id\":\"https:\/\/karlalaracoach.com\/nueva\/el-roi-del-bienestar\/#primaryimage\"},\"image\":{\"@id\":\"https:\/\/karlalaracoach.com\/nueva\/el-roi-del-bienestar\/#primaryimage\"},\"thumbnailUrl\":\"https:\/\/karlalaracoach.com\/nueva\/wp-content\/uploads\/2025\/06\/2.png\",\"datePublished\":\"2025-06-26T17:56:09+00:00\",\"dateModified\":\"2025-07-01T17:09:26+00:00\",\"breadcrumb\":{\"@id\":\"https:\/\/karlalaracoach.com\/nueva\/el-roi-del-bienestar\/#breadcrumb\"},\"inLanguage\":\"es\",\"potentialAction\":[{\"@type\":\"ReadAction\",\"target\":[\"https:\/\/karlalaracoach.com\/nueva\/el-roi-del-bienestar\/\"]}]},{\"@type\":\"ImageObject\",\"inLanguage\":\"es\",\"@id\":\"https:\/\/karlalaracoach.com\/nueva\/el-roi-del-bienestar\/#primaryimage\",\"url\":\"https:\/\/karlalaracoach.com\/nueva\/wp-content\/uploads\/2025\/06\/2.png\",\"contentUrl\":\"https:\/\/karlalaracoach.com\/nueva\/wp-content\/uploads\/2025\/06\/2.png\",\"width\":1200,\"height\":600},{\"@type\":\"BreadcrumbList\",\"@id\":\"https:\/\/karlalaracoach.com\/nueva\/el-roi-del-bienestar\/#breadcrumb\",\"itemListElement\":[{\"@type\":\"ListItem\",\"position\":1,\"name\":\"Portada\",\"item\":\"https:\/\/karlalaracoach.com\/nueva\/\"},{\"@type\":\"ListItem\",\"position\":2,\"name\":\"El ROI del BIENESTAR\"}]},{\"@type\":\"WebSite\",\"@id\":\"https:\/\/karlalaracoach.com\/nueva\/#website\",\"url\":\"https:\/\/karlalaracoach.com\/nueva\/\",\"name\":\"Karla Lara Coach\",\"description\":\"\u00a1Eres EXTRAordinario!\",\"publisher\":{\"@id\":\"https:\/\/karlalaracoach.com\/nueva\/#organization\"},\"potentialAction\":[{\"@type\":\"SearchAction\",\"target\":{\"@type\":\"EntryPoint\",\"urlTemplate\":\"https:\/\/karlalaracoach.com\/nueva\/?s={search_term_string}\"},\"query-input\":{\"@type\":\"PropertyValueSpecification\",\"valueRequired\":true,\"valueName\":\"search_term_string\"}}],\"inLanguage\":\"es\"},{\"@type\":\"Organization\",\"@id\":\"https:\/\/karlalaracoach.com\/nueva\/#organization\",\"name\":\"Karla Lara Coach\",\"url\":\"https:\/\/karlalaracoach.com\/nueva\/\",\"logo\":{\"@type\":\"ImageObject\",\"inLanguage\":\"es\",\"@id\":\"https:\/\/karlalaracoach.com\/nueva\/#\/schema\/logo\/image\/\",\"url\":\"https:\/\/karlalaracoach.com\/nueva\/wp-content\/uploads\/2025\/06\/logo-KarlaLaraCoach-min-1-300x117-1.png\",\"contentUrl\":\"https:\/\/karlalaracoach.com\/nueva\/wp-content\/uploads\/2025\/06\/logo-KarlaLaraCoach-min-1-300x117-1.png\",\"width\":300,\"height\":117,\"caption\":\"Karla Lara Coach\"},\"image\":{\"@id\":\"https:\/\/karlalaracoach.com\/nueva\/#\/schema\/logo\/image\/\"}}]}<\/script>\n<!-- \/ Yoast SEO plugin. -->","yoast_head_json":{"title":"El ROI del BIENESTAR - Karla Lara Coach","robots":{"index":"noindex","follow":"follow","max-snippet":"max-snippet:-1","max-image-preview":"max-image-preview:large","max-video-preview":"max-video-preview:-1"},"og_locale":"es_ES","og_type":"article","og_title":"El ROI del BIENESTAR - Karla Lara Coach","og_description":"El ROI del BIENESTAR \u201cEl bienestar no es un lujo emocional. Es una estrategia de negocio con retorno probado.\u201d IDEAL PARA: Empresas en transformaci\u00f3n cultural | Equipos de RRHH | L\u00edderes de personas | Eventos de salud organizacional PROP\u00d3SITO: Demostrar que el bienestar no es un \u201cextra\u201d motivacional, sino una\u00a0decisi\u00f3n estrat\u00e9gica\u00a0que impacta directamente en productividad, [&hellip;]","og_url":"https:\/\/karlalaracoach.com\/nueva\/el-roi-del-bienestar\/","og_site_name":"Karla Lara Coach","article_modified_time":"2025-07-01T17:09:26+00:00","og_image":[{"width":1200,"height":600,"url":"https:\/\/karlalaracoach.com\/nueva\/wp-content\/uploads\/2025\/06\/2.png","type":"image\/png"}],"twitter_card":"summary_large_image","twitter_misc":{"Tiempo de lectura":"4 minutos"},"schema":{"@context":"https:\/\/schema.org","@graph":[{"@type":"WebPage","@id":"https:\/\/karlalaracoach.com\/nueva\/el-roi-del-bienestar\/","url":"https:\/\/karlalaracoach.com\/nueva\/el-roi-del-bienestar\/","name":"El ROI del BIENESTAR - Karla Lara Coach","isPartOf":{"@id":"https:\/\/karlalaracoach.com\/nueva\/#website"},"primaryImageOfPage":{"@id":"https:\/\/karlalaracoach.com\/nueva\/el-roi-del-bienestar\/#primaryimage"},"image":{"@id":"https:\/\/karlalaracoach.com\/nueva\/el-roi-del-bienestar\/#primaryimage"},"thumbnailUrl":"https:\/\/karlalaracoach.com\/nueva\/wp-content\/uploads\/2025\/06\/2.png","datePublished":"2025-06-26T17:56:09+00:00","dateModified":"2025-07-01T17:09:26+00:00","breadcrumb":{"@id":"https:\/\/karlalaracoach.com\/nueva\/el-roi-del-bienestar\/#breadcrumb"},"inLanguage":"es","potentialAction":[{"@type":"ReadAction","target":["https:\/\/karlalaracoach.com\/nueva\/el-roi-del-bienestar\/"]}]},{"@type":"ImageObject","inLanguage":"es","@id":"https:\/\/karlalaracoach.com\/nueva\/el-roi-del-bienestar\/#primaryimage","url":"https:\/\/karlalaracoach.com\/nueva\/wp-content\/uploads\/2025\/06\/2.png","contentUrl":"https:\/\/karlalaracoach.com\/nueva\/wp-content\/uploads\/2025\/06\/2.png","width":1200,"height":600},{"@type":"BreadcrumbList","@id":"https:\/\/karlalaracoach.com\/nueva\/el-roi-del-bienestar\/#breadcrumb","itemListElement":[{"@type":"ListItem","position":1,"name":"Portada","item":"https:\/\/karlalaracoach.com\/nueva\/"},{"@type":"ListItem","position":2,"name":"El ROI del BIENESTAR"}]},{"@type":"WebSite","@id":"https:\/\/karlalaracoach.com\/nueva\/#website","url":"https:\/\/karlalaracoach.com\/nueva\/","name":"Karla Lara Coach","description":"\u00a1Eres EXTRAordinario!","publisher":{"@id":"https:\/\/karlalaracoach.com\/nueva\/#organization"},"potentialAction":[{"@type":"SearchAction","target":{"@type":"EntryPoint","urlTemplate":"https:\/\/karlalaracoach.com\/nueva\/?s={search_term_string}"},"query-input":{"@type":"PropertyValueSpecification","valueRequired":true,"valueName":"search_term_string"}}],"inLanguage":"es"},{"@type":"Organization","@id":"https:\/\/karlalaracoach.com\/nueva\/#organization","name":"Karla Lara Coach","url":"https:\/\/karlalaracoach.com\/nueva\/","logo":{"@type":"ImageObject","inLanguage":"es","@id":"https:\/\/karlalaracoach.com\/nueva\/#\/schema\/logo\/image\/","url":"https:\/\/karlalaracoach.com\/nueva\/wp-content\/uploads\/2025\/06\/logo-KarlaLaraCoach-min-1-300x117-1.png","contentUrl":"https:\/\/karlalaracoach.com\/nueva\/wp-content\/uploads\/2025\/06\/logo-KarlaLaraCoach-min-1-300x117-1.png","width":300,"height":117,"caption":"Karla Lara Coach"},"image":{"@id":"https:\/\/karlalaracoach.com\/nueva\/#\/schema\/logo\/image\/"}}]}},"_links":{"self":[{"href":"https:\/\/karlalaracoach.com\/nueva\/wp-json\/wp\/v2\/pages\/2407","targetHints":{"allow":["GET"]}}],"collection":[{"href":"https:\/\/karlalaracoach.com\/nueva\/wp-json\/wp\/v2\/pages"}],"about":[{"href":"https:\/\/karlalaracoach.com\/nueva\/wp-json\/wp\/v2\/types\/page"}],"author":[{"embeddable":true,"href":"https:\/\/karlalaracoach.com\/nueva\/wp-json\/wp\/v2\/users\/1"}],"replies":[{"embeddable":true,"href":"https:\/\/karlalaracoach.com\/nueva\/wp-json\/wp\/v2\/comments?post=2407"}],"version-history":[{"count":26,"href":"https:\/\/karlalaracoach.com\/nueva\/wp-json\/wp\/v2\/pages\/2407\/revisions"}],"predecessor-version":[{"id":2589,"href":"https:\/\/karlalaracoach.com\/nueva\/wp-json\/wp\/v2\/pages\/2407\/revisions\/2589"}],"wp:attachment":[{"href":"https:\/\/karlalaracoach.com\/nueva\/wp-json\/wp\/v2\/media?parent=2407"}],"curies":[{"name":"wp","href":"https:\/\/api.w.org\/{rel}","templated":true}]}}