{"id":2355,"date":"2025-06-26T13:28:08","date_gmt":"2025-06-26T13:28:08","guid":{"rendered":"https:\/\/karlalaracoach.com\/nueva\/?page_id=2355"},"modified":"2025-06-26T13:30:57","modified_gmt":"2025-06-26T13:30:57","slug":"coaching-elite","status":"publish","type":"page","link":"https:\/\/karlalaracoach.com\/nueva\/coaching-elite\/","title":{"rendered":"Coaching Elite"},"content":{"rendered":"\t\t<div data-elementor-type=\"wp-page\" data-elementor-id=\"2355\" class=\"elementor elementor-2355\" data-elementor-post-type=\"page\">\n\t\t\t\t<div class=\"elementor-element elementor-element-229a4dd e-con-full e-flex e-con e-parent\" data-id=\"229a4dd\" data-element_type=\"container\" data-settings=\"{&quot;background_background&quot;:&quot;classic&quot;}\">\n\t\t<div class=\"elementor-element elementor-element-1484af7 e-con-full e-flex e-con e-child\" data-id=\"1484af7\" data-element_type=\"container\">\n\t\t\t\t<div class=\"elementor-element elementor-element-0a1e0a4 elementor-widget elementor-widget-image\" data-id=\"0a1e0a4\" data-element_type=\"widget\" data-widget_type=\"image.default\">\n\t\t\t\t<div class=\"elementor-widget-container\">\n\t\t\t\t\t\t\t\t\t\t\t\t\t\t\t<img fetchpriority=\"high\" decoding=\"async\" width=\"1920\" height=\"1080\" src=\"https:\/\/karlalaracoach.com\/nueva\/wp-content\/uploads\/2025\/06\/4.jpg\" class=\"attachment-full size-full wp-image-1954\" alt=\"\" srcset=\"https:\/\/karlalaracoach.com\/nueva\/wp-content\/uploads\/2025\/06\/4.jpg 1920w, https:\/\/karlalaracoach.com\/nueva\/wp-content\/uploads\/2025\/06\/4-300x169.jpg 300w, https:\/\/karlalaracoach.com\/nueva\/wp-content\/uploads\/2025\/06\/4-600x338.jpg 600w, https:\/\/karlalaracoach.com\/nueva\/wp-content\/uploads\/2025\/06\/4-1024x576.jpg 1024w, https:\/\/karlalaracoach.com\/nueva\/wp-content\/uploads\/2025\/06\/4-768x432.jpg 768w, https:\/\/karlalaracoach.com\/nueva\/wp-content\/uploads\/2025\/06\/4-1536x864.jpg 1536w\" sizes=\"(max-width: 1920px) 100vw, 1920px\" \/>\t\t\t\t\t\t\t\t\t\t\t\t\t\t\t<\/div>\n\t\t\t\t<\/div>\n\t\t\t\t<\/div>\n\t\t\t\t<\/div>\n\t\t<div class=\"elementor-element elementor-element-e1fcdba e-flex e-con-boxed e-con e-parent\" data-id=\"e1fcdba\" data-element_type=\"container\" data-settings=\"{&quot;background_background&quot;:&quot;gradient&quot;}\">\n\t\t\t\t\t<div class=\"e-con-inner\">\n\t\t<div class=\"elementor-element elementor-element-4193b14 e-con-full e-flex e-con e-child\" data-id=\"4193b14\" data-element_type=\"container\">\n\t\t\t\t<div class=\"elementor-element elementor-element-ccb1aed elementor-widget elementor-widget-heading\" data-id=\"ccb1aed\" data-element_type=\"widget\" data-widget_type=\"heading.default\">\n\t\t\t\t<div class=\"elementor-widget-container\">\n\t\t\t\t\t<h2 class=\"elementor-heading-title elementor-size-default\">El equilibrio no es opcional. Es el verdadero activo de un l\u00edder.<\/h2>\t\t\t\t<\/div>\n\t\t\t\t<\/div>\n\t\t\t\t<div class=\"elementor-element elementor-element-d824c2f elementor-widget elementor-widget-heading\" data-id=\"d824c2f\" data-element_type=\"widget\" data-widget_type=\"heading.default\">\n\t\t\t\t<div class=\"elementor-widget-container\">\n\t\t\t\t\t<h4 class=\"elementor-heading-title elementor-size-default\">Los l\u00edderes de alto nivel cargan decisiones complejas, equipos exigentes y resultados que no esperan. Pero lo que marca la diferencia no es cu\u00e1nto saben, sino c\u00f3mo se sostienen mientras lo hacen.<\/h4>\t\t\t\t<\/div>\n\t\t\t\t<\/div>\n\t\t\t\t<div class=\"elementor-element elementor-element-5edbc8b elementor-widget elementor-widget-text-editor\" data-id=\"5edbc8b\" data-element_type=\"widget\" data-widget_type=\"text-editor.default\">\n\t\t\t\t<div class=\"elementor-widget-container\">\n\t\t\t\t\t\t\t\t\t<p>Este programa exclusivo est\u00e1 dise\u00f1ado para acompa\u00f1arte a ti \u2014CEO, director, gerente o fundador\u2014 a liderar con claridad, fuerza interior y equilibrio real.<\/p>\t\t\t\t\t\t\t\t<\/div>\n\t\t\t\t<\/div>\n\t\t\t\t<div class=\"elementor-element elementor-element-d3718ec elementor-widget elementor-widget-heading\" data-id=\"d3718ec\" data-element_type=\"widget\" data-widget_type=\"heading.default\">\n\t\t\t\t<div class=\"elementor-widget-container\">\n\t\t\t\t\t<h4 class=\"elementor-heading-title elementor-size-default\">Aqu\u00ed no resolvemos problemas. Transformamos la forma de pensar, decidir y liderar.<\/h4>\t\t\t\t<\/div>\n\t\t\t\t<\/div>\n\t\t\t\t<div class=\"elementor-element elementor-element-c2e87b5 elementor-widget elementor-widget-text-editor\" data-id=\"c2e87b5\" data-element_type=\"widget\" data-widget_type=\"text-editor.default\">\n\t\t\t\t<div class=\"elementor-widget-container\">\n\t\t\t\t\t\t\t\t\t<p>Mi m\u00e9todo: Dise\u00f1o de una f\u00f3rmula personalizada para el alto desempe\u00f1o<\/p><p>\u00bfQUI\u00c9NES TRABAJAN CONMIGO?<\/p><ul><li>CEOs y directores generales<\/li><li>Fundadores con estructuras en crecimiento<\/li><li>Gerentes con equipos complejos<\/li><li>Profesionales de alto rendimiento<\/li><li>Atletas de alto rendimiento<\/li><\/ul><p>BENEFICIOS:<\/p><ul><li>Decisiones m\u00e1s claras<\/li><li>Estrategias con enfoque<\/li><li>Disminuci\u00f3n del desgaste mental<\/li><li>Sostenibilidad personal y profesional<\/li><li>Liderazgo aut\u00e9ntico y humano<\/li><li>Equilibrio y bienestar<\/li><\/ul><p>MODALIDADES:<\/p><ul><li>Sesiones virtuales 1:1<\/li><li>Evaluaciones de bienestar y rendimiento<\/li><li>Herramientas pr\u00e1cticas y seguimiento<\/li><li>Programas de 3, 6 o 12 meses<\/li><\/ul>\t\t\t\t\t\t\t\t<\/div>\n\t\t\t\t<\/div>\n\t\t\t\t<\/div>\n\t\t\t\t\t<\/div>\n\t\t\t\t<\/div>\n\t\t<div class=\"elementor-element elementor-element-638a494 e-con-full e-flex e-con e-parent\" data-id=\"638a494\" data-element_type=\"container\">\n\t\t\t\t<div class=\"elementor-element elementor-element-dd3b848 elementor-widget elementor-widget-heading\" data-id=\"dd3b848\" data-element_type=\"widget\" data-widget_type=\"heading.default\">\n\t\t\t\t<div class=\"elementor-widget-container\">\n\t\t\t\t\t<h2 class=\"elementor-heading-title elementor-size-default\">Contacta a Karla<\/h2>\t\t\t\t<\/div>\n\t\t\t\t<\/div>\n\t\t\t\t<div class=\"elementor-element elementor-element-65339253 elementor-widget elementor-widget-text-editor\" data-id=\"65339253\" data-element_type=\"widget\" data-widget_type=\"text-editor.default\">\n\t\t\t\t<div class=\"elementor-widget-container\">\n\t\t\t\t\t\t\t\t\t<p>El mundo puede ser un mejor lugar si cada persona descubre y reconoce su verdadero potencial.<\/p><p>Somos EXTRAordinarios. Nuestra misi\u00f3n es recordarlo, para comenzar a vivir una vida EXTRAordinaria.<\/p>\t\t\t\t\t\t\t\t<\/div>\n\t\t\t\t<\/div>\n\t\t\t\t<div class=\"elementor-element elementor-element-32c50d9 elementor-align-center elementor-widget elementor-widget-button\" data-id=\"32c50d9\" data-element_type=\"widget\" data-widget_type=\"button.default\">\n\t\t\t\t<div class=\"elementor-widget-container\">\n\t\t\t\t\t\t\t\t\t<div class=\"elementor-button-wrapper\">\n\t\t\t\t\t<a class=\"elementor-button elementor-button-link elementor-size-sm\" href=\"https:\/\/karlalaracoach.com\/nueva\/contacto\/\">\n\t\t\t\t\t\t<span class=\"elementor-button-content-wrapper\">\n\t\t\t\t\t\t\t\t\t<span class=\"elementor-button-text\">Haz clic aqu\u00ed<\/span>\n\t\t\t\t\t<\/span>\n\t\t\t\t\t<\/a>\n\t\t\t\t<\/div>\n\t\t\t\t\t\t\t\t<\/div>\n\t\t\t\t<\/div>\n\t\t\t\t<\/div>\n\t\t<div class=\"elementor-element elementor-element-f5403d7 e-flex e-con-boxed e-con e-parent\" data-id=\"f5403d7\" data-element_type=\"container\">\n\t\t\t\t\t<div class=\"e-con-inner\">\n\t\t\t\t<div class=\"elementor-element elementor-element-8675419 elementor-widget elementor-widget-spacer\" data-id=\"8675419\" data-element_type=\"widget\" data-widget_type=\"spacer.default\">\n\t\t\t\t<div class=\"elementor-widget-container\">\n\t\t\t\t\t\t\t<div class=\"elementor-spacer\">\n\t\t\t<div class=\"elementor-spacer-inner\"><\/div>\n\t\t<\/div>\n\t\t\t\t\t\t<\/div>\n\t\t\t\t<\/div>\n\t\t\t\t\t<\/div>\n\t\t\t\t<\/div>\n\t\t\t\t<\/div>\n\t\t","protected":false},"excerpt":{"rendered":"<p>El equilibrio no es opcional. Es el verdadero activo de un l\u00edder. Los l\u00edderes de alto nivel cargan decisiones complejas, equipos exigentes y resultados que no esperan. Pero lo que marca la diferencia no es cu\u00e1nto saben, sino c\u00f3mo se sostienen mientras lo hacen. Este programa exclusivo est\u00e1 dise\u00f1ado para acompa\u00f1arte a ti \u2014CEO, director, [&hellip;]<\/p>\n","protected":false},"author":1,"featured_media":0,"parent":0,"menu_order":0,"comment_status":"closed","ping_status":"closed","template":"elementor_header_footer","meta":{"site-sidebar-layout":"no-sidebar","site-content-layout":"page-builder","ast-site-content-layout":"full-width-container","site-content-style":"unboxed","site-sidebar-style":"unboxed","ast-global-header-display":"","ast-banner-title-visibility":"","ast-main-header-display":"","ast-hfb-above-header-display":"","ast-hfb-below-header-display":"","ast-hfb-mobile-header-display":"","site-post-title":"disabled","ast-breadcrumbs-content":"disabled","ast-featured-img":"disabled","footer-sml-layout":"","theme-transparent-header-meta":"disabled","adv-header-id-meta":"","stick-header-meta":"","header-above-stick-meta":"","header-main-stick-meta":"","header-below-stick-meta":"","astra-migrate-meta-layouts":"set","ast-page-background-enabled":"default","ast-page-background-meta":{"desktop":{"background-color":"","background-image":"","background-repeat":"repeat","background-position":"center center","background-size":"auto","background-attachment":"scroll","background-type":"","background-media":"","overlay-type":"","overlay-color":"","overlay-opacity":"","overlay-gradient":""},"tablet":{"background-color":"","background-image":"","background-repeat":"repeat","background-position":"center center","background-size":"auto","background-attachment":"scroll","background-type":"","background-media":"","overlay-type":"","overlay-color":"","overlay-opacity":"","overlay-gradient":""},"mobile":{"background-color":"","background-image":"","background-repeat":"repeat","background-position":"center center","background-size":"auto","background-attachment":"scroll","background-type":"","background-media":"","overlay-type":"","overlay-color":"","overlay-opacity":"","overlay-gradient":""}},"ast-content-background-meta":{"desktop":{"background-color":"var(--ast-global-color-5)","background-image":"","background-repeat":"repeat","background-position":"center center","background-size":"auto","background-attachment":"scroll","background-type":"","background-media":"","overlay-type":"","overlay-color":"","overlay-opacity":"","overlay-gradient":""},"tablet":{"background-color":"var(--ast-global-color-5)","background-image":"","background-repeat":"repeat","background-position":"center center","background-size":"auto","background-attachment":"scroll","background-type":"","background-media":"","overlay-type":"","overlay-color":"","overlay-opacity":"","overlay-gradient":""},"mobile":{"background-color":"var(--ast-global-color-5)","background-image":"","background-repeat":"repeat","background-position":"center center","background-size":"auto","background-attachment":"scroll","background-type":"","background-media":"","overlay-type":"","overlay-color":"","overlay-opacity":"","overlay-gradient":""}},"_joinchat":[],"footnotes":""},"class_list":["post-2355","page","type-page","status-publish","hentry"],"yoast_head":"<!-- This site is optimized with the Yoast SEO plugin v25.5 - https:\/\/yoast.com\/wordpress\/plugins\/seo\/ -->\n<title>Coaching Elite - Karla Lara Coach<\/title>\n<meta name=\"robots\" content=\"noindex, follow, max-snippet:-1, max-image-preview:large, max-video-preview:-1\" \/>\n<meta property=\"og:locale\" content=\"es_ES\" \/>\n<meta property=\"og:type\" content=\"article\" \/>\n<meta property=\"og:title\" content=\"Coaching Elite - Karla Lara Coach\" \/>\n<meta property=\"og:description\" content=\"El equilibrio no es opcional. Es el verdadero activo de un l\u00edder. Los l\u00edderes de alto nivel cargan decisiones complejas, equipos exigentes y resultados que no esperan. Pero lo que marca la diferencia no es cu\u00e1nto saben, sino c\u00f3mo se sostienen mientras lo hacen. Este programa exclusivo est\u00e1 dise\u00f1ado para acompa\u00f1arte a ti \u2014CEO, director, [&hellip;]\" \/>\n<meta property=\"og:url\" content=\"https:\/\/karlalaracoach.com\/nueva\/coaching-elite\/\" \/>\n<meta property=\"og:site_name\" content=\"Karla Lara Coach\" \/>\n<meta property=\"article:modified_time\" content=\"2025-06-26T13:30:57+00:00\" \/>\n<meta property=\"og:image\" content=\"https:\/\/karlalaracoach.com\/nueva\/wp-content\/uploads\/2025\/06\/4.jpg\" \/>\n\t<meta property=\"og:image:width\" content=\"1920\" \/>\n\t<meta property=\"og:image:height\" content=\"1080\" \/>\n\t<meta property=\"og:image:type\" content=\"image\/jpeg\" \/>\n<meta name=\"twitter:card\" content=\"summary_large_image\" \/>\n<meta name=\"twitter:label1\" content=\"Tiempo de lectura\" \/>\n\t<meta name=\"twitter:data1\" content=\"1 minuto\" \/>\n<script type=\"application\/ld+json\" class=\"yoast-schema-graph\">{\"@context\":\"https:\/\/schema.org\",\"@graph\":[{\"@type\":\"WebPage\",\"@id\":\"https:\/\/karlalaracoach.com\/nueva\/coaching-elite\/\",\"url\":\"https:\/\/karlalaracoach.com\/nueva\/coaching-elite\/\",\"name\":\"Coaching Elite - Karla Lara Coach\",\"isPartOf\":{\"@id\":\"https:\/\/karlalaracoach.com\/nueva\/#website\"},\"primaryImageOfPage\":{\"@id\":\"https:\/\/karlalaracoach.com\/nueva\/coaching-elite\/#primaryimage\"},\"image\":{\"@id\":\"https:\/\/karlalaracoach.com\/nueva\/coaching-elite\/#primaryimage\"},\"thumbnailUrl\":\"https:\/\/karlalaracoach.com\/nueva\/wp-content\/uploads\/2025\/06\/4.jpg\",\"datePublished\":\"2025-06-26T13:28:08+00:00\",\"dateModified\":\"2025-06-26T13:30:57+00:00\",\"breadcrumb\":{\"@id\":\"https:\/\/karlalaracoach.com\/nueva\/coaching-elite\/#breadcrumb\"},\"inLanguage\":\"es\",\"potentialAction\":[{\"@type\":\"ReadAction\",\"target\":[\"https:\/\/karlalaracoach.com\/nueva\/coaching-elite\/\"]}]},{\"@type\":\"ImageObject\",\"inLanguage\":\"es\",\"@id\":\"https:\/\/karlalaracoach.com\/nueva\/coaching-elite\/#primaryimage\",\"url\":\"https:\/\/karlalaracoach.com\/nueva\/wp-content\/uploads\/2025\/06\/4.jpg\",\"contentUrl\":\"https:\/\/karlalaracoach.com\/nueva\/wp-content\/uploads\/2025\/06\/4.jpg\",\"width\":1920,\"height\":1080},{\"@type\":\"BreadcrumbList\",\"@id\":\"https:\/\/karlalaracoach.com\/nueva\/coaching-elite\/#breadcrumb\",\"itemListElement\":[{\"@type\":\"ListItem\",\"position\":1,\"name\":\"Portada\",\"item\":\"https:\/\/karlalaracoach.com\/nueva\/\"},{\"@type\":\"ListItem\",\"position\":2,\"name\":\"Coaching Elite\"}]},{\"@type\":\"WebSite\",\"@id\":\"https:\/\/karlalaracoach.com\/nueva\/#website\",\"url\":\"https:\/\/karlalaracoach.com\/nueva\/\",\"name\":\"Karla Lara Coach\",\"description\":\"\u00a1Eres EXTRAordinario!\",\"publisher\":{\"@id\":\"https:\/\/karlalaracoach.com\/nueva\/#organization\"},\"potentialAction\":[{\"@type\":\"SearchAction\",\"target\":{\"@type\":\"EntryPoint\",\"urlTemplate\":\"https:\/\/karlalaracoach.com\/nueva\/?s={search_term_string}\"},\"query-input\":{\"@type\":\"PropertyValueSpecification\",\"valueRequired\":true,\"valueName\":\"search_term_string\"}}],\"inLanguage\":\"es\"},{\"@type\":\"Organization\",\"@id\":\"https:\/\/karlalaracoach.com\/nueva\/#organization\",\"name\":\"Karla Lara Coach\",\"url\":\"https:\/\/karlalaracoach.com\/nueva\/\",\"logo\":{\"@type\":\"ImageObject\",\"inLanguage\":\"es\",\"@id\":\"https:\/\/karlalaracoach.com\/nueva\/#\/schema\/logo\/image\/\",\"url\":\"https:\/\/karlalaracoach.com\/nueva\/wp-content\/uploads\/2025\/06\/logo-KarlaLaraCoach-min-1-300x117-1.png\",\"contentUrl\":\"https:\/\/karlalaracoach.com\/nueva\/wp-content\/uploads\/2025\/06\/logo-KarlaLaraCoach-min-1-300x117-1.png\",\"width\":300,\"height\":117,\"caption\":\"Karla Lara Coach\"},\"image\":{\"@id\":\"https:\/\/karlalaracoach.com\/nueva\/#\/schema\/logo\/image\/\"}}]}<\/script>\n<!-- \/ Yoast SEO plugin. -->","yoast_head_json":{"title":"Coaching Elite - Karla Lara Coach","robots":{"index":"noindex","follow":"follow","max-snippet":"max-snippet:-1","max-image-preview":"max-image-preview:large","max-video-preview":"max-video-preview:-1"},"og_locale":"es_ES","og_type":"article","og_title":"Coaching Elite - Karla Lara Coach","og_description":"El equilibrio no es opcional. Es el verdadero activo de un l\u00edder. Los l\u00edderes de alto nivel cargan decisiones complejas, equipos exigentes y resultados que no esperan. Pero lo que marca la diferencia no es cu\u00e1nto saben, sino c\u00f3mo se sostienen mientras lo hacen. Este programa exclusivo est\u00e1 dise\u00f1ado para acompa\u00f1arte a ti \u2014CEO, director, [&hellip;]","og_url":"https:\/\/karlalaracoach.com\/nueva\/coaching-elite\/","og_site_name":"Karla Lara Coach","article_modified_time":"2025-06-26T13:30:57+00:00","og_image":[{"width":1920,"height":1080,"url":"https:\/\/karlalaracoach.com\/nueva\/wp-content\/uploads\/2025\/06\/4.jpg","type":"image\/jpeg"}],"twitter_card":"summary_large_image","twitter_misc":{"Tiempo de lectura":"1 minuto"},"schema":{"@context":"https:\/\/schema.org","@graph":[{"@type":"WebPage","@id":"https:\/\/karlalaracoach.com\/nueva\/coaching-elite\/","url":"https:\/\/karlalaracoach.com\/nueva\/coaching-elite\/","name":"Coaching Elite - Karla Lara Coach","isPartOf":{"@id":"https:\/\/karlalaracoach.com\/nueva\/#website"},"primaryImageOfPage":{"@id":"https:\/\/karlalaracoach.com\/nueva\/coaching-elite\/#primaryimage"},"image":{"@id":"https:\/\/karlalaracoach.com\/nueva\/coaching-elite\/#primaryimage"},"thumbnailUrl":"https:\/\/karlalaracoach.com\/nueva\/wp-content\/uploads\/2025\/06\/4.jpg","datePublished":"2025-06-26T13:28:08+00:00","dateModified":"2025-06-26T13:30:57+00:00","breadcrumb":{"@id":"https:\/\/karlalaracoach.com\/nueva\/coaching-elite\/#breadcrumb"},"inLanguage":"es","potentialAction":[{"@type":"ReadAction","target":["https:\/\/karlalaracoach.com\/nueva\/coaching-elite\/"]}]},{"@type":"ImageObject","inLanguage":"es","@id":"https:\/\/karlalaracoach.com\/nueva\/coaching-elite\/#primaryimage","url":"https:\/\/karlalaracoach.com\/nueva\/wp-content\/uploads\/2025\/06\/4.jpg","contentUrl":"https:\/\/karlalaracoach.com\/nueva\/wp-content\/uploads\/2025\/06\/4.jpg","width":1920,"height":1080},{"@type":"BreadcrumbList","@id":"https:\/\/karlalaracoach.com\/nueva\/coaching-elite\/#breadcrumb","itemListElement":[{"@type":"ListItem","position":1,"name":"Portada","item":"https:\/\/karlalaracoach.com\/nueva\/"},{"@type":"ListItem","position":2,"name":"Coaching Elite"}]},{"@type":"WebSite","@id":"https:\/\/karlalaracoach.com\/nueva\/#website","url":"https:\/\/karlalaracoach.com\/nueva\/","name":"Karla Lara Coach","description":"\u00a1Eres EXTRAordinario!","publisher":{"@id":"https:\/\/karlalaracoach.com\/nueva\/#organization"},"potentialAction":[{"@type":"SearchAction","target":{"@type":"EntryPoint","urlTemplate":"https:\/\/karlalaracoach.com\/nueva\/?s={search_term_string}"},"query-input":{"@type":"PropertyValueSpecification","valueRequired":true,"valueName":"search_term_string"}}],"inLanguage":"es"},{"@type":"Organization","@id":"https:\/\/karlalaracoach.com\/nueva\/#organization","name":"Karla Lara Coach","url":"https:\/\/karlalaracoach.com\/nueva\/","logo":{"@type":"ImageObject","inLanguage":"es","@id":"https:\/\/karlalaracoach.com\/nueva\/#\/schema\/logo\/image\/","url":"https:\/\/karlalaracoach.com\/nueva\/wp-content\/uploads\/2025\/06\/logo-KarlaLaraCoach-min-1-300x117-1.png","contentUrl":"https:\/\/karlalaracoach.com\/nueva\/wp-content\/uploads\/2025\/06\/logo-KarlaLaraCoach-min-1-300x117-1.png","width":300,"height":117,"caption":"Karla Lara Coach"},"image":{"@id":"https:\/\/karlalaracoach.com\/nueva\/#\/schema\/logo\/image\/"}}]}},"_links":{"self":[{"href":"https:\/\/karlalaracoach.com\/nueva\/wp-json\/wp\/v2\/pages\/2355","targetHints":{"allow":["GET"]}}],"collection":[{"href":"https:\/\/karlalaracoach.com\/nueva\/wp-json\/wp\/v2\/pages"}],"about":[{"href":"https:\/\/karlalaracoach.com\/nueva\/wp-json\/wp\/v2\/types\/page"}],"author":[{"embeddable":true,"href":"https:\/\/karlalaracoach.com\/nueva\/wp-json\/wp\/v2\/users\/1"}],"replies":[{"embeddable":true,"href":"https:\/\/karlalaracoach.com\/nueva\/wp-json\/wp\/v2\/comments?post=2355"}],"version-history":[{"count":4,"href":"https:\/\/karlalaracoach.com\/nueva\/wp-json\/wp\/v2\/pages\/2355\/revisions"}],"predecessor-version":[{"id":2359,"href":"https:\/\/karlalaracoach.com\/nueva\/wp-json\/wp\/v2\/pages\/2355\/revisions\/2359"}],"wp:attachment":[{"href":"https:\/\/karlalaracoach.com\/nueva\/wp-json\/wp\/v2\/media?parent=2355"}],"curies":[{"name":"wp","href":"https:\/\/api.w.org\/{rel}","templated":true}]}}