{"id":2144,"date":"2025-06-23T02:31:36","date_gmt":"2025-06-23T02:31:36","guid":{"rendered":"https:\/\/karlalaracoach.com\/nueva\/?page_id=2144"},"modified":"2025-06-26T13:36:27","modified_gmt":"2025-06-26T13:36:27","slug":"proyectos","status":"publish","type":"page","link":"https:\/\/karlalaracoach.com\/nueva\/proyectos\/","title":{"rendered":"Proyectos"},"content":{"rendered":"\t\t<div data-elementor-type=\"wp-page\" data-elementor-id=\"2144\" class=\"elementor elementor-2144\" data-elementor-post-type=\"page\">\n\t\t\t\t<div class=\"elementor-element elementor-element-bc993a6 e-con-full e-flex e-con e-parent\" data-id=\"bc993a6\" data-element_type=\"container\" data-settings=\"{&quot;background_background&quot;:&quot;classic&quot;}\">\n\t\t\t\t<div class=\"elementor-element elementor-element-946ad56 elementor-widget elementor-widget-image\" data-id=\"946ad56\" data-element_type=\"widget\" data-widget_type=\"image.default\">\n\t\t\t\t<div class=\"elementor-widget-container\">\n\t\t\t\t\t\t\t\t\t\t\t\t\t\t\t<img fetchpriority=\"high\" decoding=\"async\" width=\"1920\" height=\"1080\" src=\"https:\/\/karlalaracoach.com\/nueva\/wp-content\/uploads\/2025\/06\/3.jpg\" class=\"attachment-full size-full wp-image-1953\" alt=\"\" srcset=\"https:\/\/karlalaracoach.com\/nueva\/wp-content\/uploads\/2025\/06\/3.jpg 1920w, https:\/\/karlalaracoach.com\/nueva\/wp-content\/uploads\/2025\/06\/3-300x169.jpg 300w, https:\/\/karlalaracoach.com\/nueva\/wp-content\/uploads\/2025\/06\/3-600x338.jpg 600w, https:\/\/karlalaracoach.com\/nueva\/wp-content\/uploads\/2025\/06\/3-1024x576.jpg 1024w, https:\/\/karlalaracoach.com\/nueva\/wp-content\/uploads\/2025\/06\/3-768x432.jpg 768w, https:\/\/karlalaracoach.com\/nueva\/wp-content\/uploads\/2025\/06\/3-1536x864.jpg 1536w\" sizes=\"(max-width: 1920px) 100vw, 1920px\" \/>\t\t\t\t\t\t\t\t\t\t\t\t\t\t\t<\/div>\n\t\t\t\t<\/div>\n\t\t\t\t<\/div>\n\t\t<div class=\"elementor-element elementor-element-399976b e-flex e-con-boxed e-con e-parent\" data-id=\"399976b\" data-element_type=\"container\" data-settings=\"{&quot;background_background&quot;:&quot;gradient&quot;}\">\n\t\t\t\t\t<div class=\"e-con-inner\">\n\t\t<div class=\"elementor-element elementor-element-d05e8df e-con-full e-flex e-con e-child\" data-id=\"d05e8df\" data-element_type=\"container\">\n\t\t\t\t<div class=\"elementor-element elementor-element-3a4341a elementor-widget elementor-widget-heading\" data-id=\"3a4341a\" data-element_type=\"widget\" data-widget_type=\"heading.default\">\n\t\t\t\t<div class=\"elementor-widget-container\">\n\t\t\t\t\t<h2 class=\"elementor-heading-title elementor-size-default\">Proyectos EXTRAordinarios<\/h2>\t\t\t\t<\/div>\n\t\t\t\t<\/div>\n\t\t\t\t<div class=\"elementor-element elementor-element-fa5c542 elementor-widget elementor-widget-heading\" data-id=\"fa5c542\" data-element_type=\"widget\" data-widget_type=\"heading.default\">\n\t\t\t\t<div class=\"elementor-widget-container\">\n\t\t\t\t\t<h4 class=\"elementor-heading-title elementor-size-default\"> Aqu\u00ed comienza la verdadera transformaci\u00f3n<\/h4>\t\t\t\t<\/div>\n\t\t\t\t<\/div>\n\t\t\t\t<div class=\"elementor-element elementor-element-6ad3ba7 elementor-widget elementor-widget-text-editor\" data-id=\"6ad3ba7\" data-element_type=\"widget\" data-widget_type=\"text-editor.default\">\n\t\t\t\t<div class=\"elementor-widget-container\">\n\t\t\t\t\t\t\t\t\t<p>Todo lo que creo nace de una sola intenci\u00f3n: ayudarte a despertar tu poder interior y vivir con prop\u00f3sito, equilibrio y plenitud para que recuerdes que eres EXTRAordinario.<\/p><p>Cada uno de estos proyectos ha sido dise\u00f1ado desde una visi\u00f3n integradora: transformar desde dentro para impactar el mundo exterior. Son experiencias \u00fanicas, con alma, enfoque y profundidad.<\/p>\t\t\t\t\t\t\t\t<\/div>\n\t\t\t\t<\/div>\n\t\t<div class=\"elementor-element elementor-element-32fd8cc e-con-full e-flex e-con e-child\" data-id=\"32fd8cc\" data-element_type=\"container\">\n\t\t<div class=\"elementor-element elementor-element-da52a38 e-grid e-con-boxed e-con e-child\" data-id=\"da52a38\" data-element_type=\"container\">\n\t\t\t\t\t<div class=\"e-con-inner\">\n\t\t<div class=\"elementor-element elementor-element-3246f65 e-con-full e-flex e-con e-child\" data-id=\"3246f65\" data-element_type=\"container\">\n\t\t\t\t<div class=\"elementor-element elementor-element-a2fa27a elementor-widget elementor-widget-heading\" data-id=\"a2fa27a\" data-element_type=\"widget\" data-widget_type=\"heading.default\">\n\t\t\t\t<div class=\"elementor-widget-container\">\n\t\t\t\t\t<h3 class=\"elementor-heading-title elementor-size-default\">Coaching Ejecutivo de Alto Nivel <\/h3>\t\t\t\t<\/div>\n\t\t\t\t<\/div>\n\t\t\t\t<div class=\"elementor-element elementor-element-2298115 elementor-widget elementor-widget-text-editor\" data-id=\"2298115\" data-element_type=\"widget\" data-widget_type=\"text-editor.default\">\n\t\t\t\t<div class=\"elementor-widget-container\">\n\t\t\t\t\t\t\t\t\t<p>El equilibrio no es opcional. Es el verdadero activo de un l\u00edder.<\/p>\t\t\t\t\t\t\t\t<\/div>\n\t\t\t\t<\/div>\n\t\t\t\t<div class=\"elementor-element elementor-element-ce40bb9 elementor-widget elementor-widget-button\" data-id=\"ce40bb9\" data-element_type=\"widget\" data-widget_type=\"button.default\">\n\t\t\t\t<div class=\"elementor-widget-container\">\n\t\t\t\t\t\t\t\t\t<div class=\"elementor-button-wrapper\">\n\t\t\t\t\t<a class=\"elementor-button elementor-button-link elementor-size-sm\" href=\"https:\/\/karlalaracoach.com\/nueva\/coaching-elite\/\">\n\t\t\t\t\t\t<span class=\"elementor-button-content-wrapper\">\n\t\t\t\t\t\t\t\t\t<span class=\"elementor-button-text\">Leer m\u00e1s<\/span>\n\t\t\t\t\t<\/span>\n\t\t\t\t\t<\/a>\n\t\t\t\t<\/div>\n\t\t\t\t\t\t\t\t<\/div>\n\t\t\t\t<\/div>\n\t\t\t\t<\/div>\n\t\t<div class=\"elementor-element elementor-element-623b0fc e-con-full e-flex e-con e-child\" data-id=\"623b0fc\" data-element_type=\"container\">\n\t\t\t\t<div class=\"elementor-element elementor-element-e651370 elementor-widget elementor-widget-heading\" data-id=\"e651370\" data-element_type=\"widget\" data-widget_type=\"heading.default\">\n\t\t\t\t<div class=\"elementor-widget-container\">\n\t\t\t\t\t<h3 class=\"elementor-heading-title elementor-size-default\">TRIBU EXTRAordinaria <\/h3>\t\t\t\t<\/div>\n\t\t\t\t<\/div>\n\t\t\t\t<div class=\"elementor-element elementor-element-677183c elementor-widget elementor-widget-text-editor\" data-id=\"677183c\" data-element_type=\"widget\" data-widget_type=\"text-editor.default\">\n\t\t\t\t<div class=\"elementor-widget-container\">\n\t\t\t\t\t\t\t\t\t<p>www.tribuextraordinaria.com<\/p>\t\t\t\t\t\t\t\t<\/div>\n\t\t\t\t<\/div>\n\t\t\t\t<div class=\"elementor-element elementor-element-434c9f8 elementor-widget elementor-widget-button\" data-id=\"434c9f8\" data-element_type=\"widget\" data-widget_type=\"button.default\">\n\t\t\t\t<div class=\"elementor-widget-container\">\n\t\t\t\t\t\t\t\t\t<div class=\"elementor-button-wrapper\">\n\t\t\t\t\t<a class=\"elementor-button elementor-button-link elementor-size-sm\" href=\"https:\/\/www.tribuextraordinaria.com\" target=\"_blank\">\n\t\t\t\t\t\t<span class=\"elementor-button-content-wrapper\">\n\t\t\t\t\t\t\t\t\t<span class=\"elementor-button-text\">Leer m\u00e1s<\/span>\n\t\t\t\t\t<\/span>\n\t\t\t\t\t<\/a>\n\t\t\t\t<\/div>\n\t\t\t\t\t\t\t\t<\/div>\n\t\t\t\t<\/div>\n\t\t\t\t<\/div>\n\t\t<div class=\"elementor-element elementor-element-a377a7b e-con-full e-flex e-con e-child\" data-id=\"a377a7b\" data-element_type=\"container\">\n\t\t\t\t<div class=\"elementor-element elementor-element-2c045f2 elementor-widget elementor-widget-heading\" data-id=\"2c045f2\" data-element_type=\"widget\" data-widget_type=\"heading.default\">\n\t\t\t\t<div class=\"elementor-widget-container\">\n\t\t\t\t\t<h2 class=\"elementor-heading-title elementor-size-default\">Ebooks<\/h2>\t\t\t\t<\/div>\n\t\t\t\t<\/div>\n\t\t\t\t<div class=\"elementor-element elementor-element-fbf7f6e elementor-widget elementor-widget-text-editor\" data-id=\"fbf7f6e\" data-element_type=\"widget\" data-widget_type=\"text-editor.default\">\n\t\t\t\t<div class=\"elementor-widget-container\">\n\t\t\t\t\t\t\t\t\t<p>Ebooks para transformar tu mente, tu energ\u00eda y tu vida<\/p>\t\t\t\t\t\t\t\t<\/div>\n\t\t\t\t<\/div>\n\t\t\t\t<div class=\"elementor-element elementor-element-4057512 elementor-widget elementor-widget-button\" data-id=\"4057512\" data-element_type=\"widget\" data-widget_type=\"button.default\">\n\t\t\t\t<div class=\"elementor-widget-container\">\n\t\t\t\t\t\t\t\t\t<div class=\"elementor-button-wrapper\">\n\t\t\t\t\t<a class=\"elementor-button elementor-button-link elementor-size-sm\" href=\"#\">\n\t\t\t\t\t\t<span class=\"elementor-button-content-wrapper\">\n\t\t\t\t\t\t\t\t\t<span class=\"elementor-button-text\">Leer m\u00e1s<\/span>\n\t\t\t\t\t<\/span>\n\t\t\t\t\t<\/a>\n\t\t\t\t<\/div>\n\t\t\t\t\t\t\t\t<\/div>\n\t\t\t\t<\/div>\n\t\t\t\t<\/div>\n\t\t\t\t\t<\/div>\n\t\t\t\t<\/div>\n\t\t\t\t<\/div>\n\t\t\t\t<\/div>\n\t\t\t\t\t<\/div>\n\t\t\t\t<\/div>\n\t\t<div class=\"elementor-element elementor-element-7c7aa9f e-con-full e-flex e-con e-parent\" data-id=\"7c7aa9f\" data-element_type=\"container\">\n\t\t\t\t<div class=\"elementor-element elementor-element-522c32b elementor-widget elementor-widget-heading\" data-id=\"522c32b\" data-element_type=\"widget\" data-widget_type=\"heading.default\">\n\t\t\t\t<div class=\"elementor-widget-container\">\n\t\t\t\t\t<h2 class=\"elementor-heading-title elementor-size-default\">Contacta a Karla<\/h2>\t\t\t\t<\/div>\n\t\t\t\t<\/div>\n\t\t\t\t<div class=\"elementor-element elementor-element-f5a0a95 elementor-widget elementor-widget-text-editor\" data-id=\"f5a0a95\" data-element_type=\"widget\" data-widget_type=\"text-editor.default\">\n\t\t\t\t<div class=\"elementor-widget-container\">\n\t\t\t\t\t\t\t\t\t<p>El mundo puede ser un mejor lugar si cada persona descubre y reconoce su verdadero potencial.<\/p><p>Somos EXTRAordinarios. Nuestra misi\u00f3n es recordarlo, para comenzar a vivir una vida EXTRAordinaria.<\/p>\t\t\t\t\t\t\t\t<\/div>\n\t\t\t\t<\/div>\n\t\t\t\t<div class=\"elementor-element elementor-element-7ff4230 elementor-align-center elementor-widget elementor-widget-button\" data-id=\"7ff4230\" data-element_type=\"widget\" data-widget_type=\"button.default\">\n\t\t\t\t<div class=\"elementor-widget-container\">\n\t\t\t\t\t\t\t\t\t<div class=\"elementor-button-wrapper\">\n\t\t\t\t\t<a class=\"elementor-button elementor-button-link elementor-size-sm\" href=\"https:\/\/karlalaracoach.com\/nueva\/contacto\/\">\n\t\t\t\t\t\t<span class=\"elementor-button-content-wrapper\">\n\t\t\t\t\t\t\t\t\t<span class=\"elementor-button-text\">Haz clic aqu\u00ed<\/span>\n\t\t\t\t\t<\/span>\n\t\t\t\t\t<\/a>\n\t\t\t\t<\/div>\n\t\t\t\t\t\t\t\t<\/div>\n\t\t\t\t<\/div>\n\t\t\t\t<\/div>\n\t\t<div class=\"elementor-element elementor-element-1b1c0c5 e-flex e-con-boxed e-con e-parent\" data-id=\"1b1c0c5\" data-element_type=\"container\">\n\t\t\t\t\t<div class=\"e-con-inner\">\n\t\t\t\t<div class=\"elementor-element elementor-element-2e51835 elementor-widget elementor-widget-spacer\" data-id=\"2e51835\" data-element_type=\"widget\" data-widget_type=\"spacer.default\">\n\t\t\t\t<div class=\"elementor-widget-container\">\n\t\t\t\t\t\t\t<div class=\"elementor-spacer\">\n\t\t\t<div class=\"elementor-spacer-inner\"><\/div>\n\t\t<\/div>\n\t\t\t\t\t\t<\/div>\n\t\t\t\t<\/div>\n\t\t\t\t\t<\/div>\n\t\t\t\t<\/div>\n\t\t\t\t<\/div>\n\t\t","protected":false},"excerpt":{"rendered":"<p>Proyectos EXTRAordinarios Aqu\u00ed comienza la verdadera transformaci\u00f3n Todo lo que creo nace de una sola intenci\u00f3n: ayudarte a despertar tu poder interior y vivir con prop\u00f3sito, equilibrio y plenitud para que recuerdes que eres EXTRAordinario. Cada uno de estos proyectos ha sido dise\u00f1ado desde una visi\u00f3n integradora: transformar desde dentro para impactar el mundo exterior. [&hellip;]<\/p>\n","protected":false},"author":1,"featured_media":0,"parent":0,"menu_order":0,"comment_status":"closed","ping_status":"closed","template":"elementor_header_footer","meta":{"site-sidebar-layout":"no-sidebar","site-content-layout":"page-builder","ast-site-content-layout":"full-width-container","site-content-style":"boxed","site-sidebar-style":"unboxed","ast-global-header-display":"","ast-banner-title-visibility":"","ast-main-header-display":"","ast-hfb-above-header-display":"","ast-hfb-below-header-display":"","ast-hfb-mobile-header-display":"","site-post-title":"disabled","ast-breadcrumbs-content":"disabled","ast-featured-img":"disabled","footer-sml-layout":"","theme-transparent-header-meta":"disabled","adv-header-id-meta":"","stick-header-meta":"","header-above-stick-meta":"","header-main-stick-meta":"","header-below-stick-meta":"","astra-migrate-meta-layouts":"set","ast-page-background-enabled":"default","ast-page-background-meta":{"desktop":{"background-color":"","background-image":"","background-repeat":"repeat","background-position":"center center","background-size":"auto","background-attachment":"scroll","background-type":"","background-media":"","overlay-type":"","overlay-color":"","overlay-opacity":"","overlay-gradient":""},"tablet":{"background-color":"","background-image":"","background-repeat":"repeat","background-position":"center center","background-size":"auto","background-attachment":"scroll","background-type":"","background-media":"","overlay-type":"","overlay-color":"","overlay-opacity":"","overlay-gradient":""},"mobile":{"background-color":"","background-image":"","background-repeat":"repeat","background-position":"center center","background-size":"auto","background-attachment":"scroll","background-type":"","background-media":"","overlay-type":"","overlay-color":"","overlay-opacity":"","overlay-gradient":""}},"ast-content-background-meta":{"desktop":{"background-color":"var(--ast-global-color-5)","background-image":"","background-repeat":"repeat","background-position":"center center","background-size":"auto","background-attachment":"scroll","background-type":"","background-media":"","overlay-type":"","overlay-color":"","overlay-opacity":"","overlay-gradient":""},"tablet":{"background-color":"var(--ast-global-color-5)","background-image":"","background-repeat":"repeat","background-position":"center center","background-size":"auto","background-attachment":"scroll","background-type":"","background-media":"","overlay-type":"","overlay-color":"","overlay-opacity":"","overlay-gradient":""},"mobile":{"background-color":"var(--ast-global-color-5)","background-image":"","background-repeat":"repeat","background-position":"center center","background-size":"auto","background-attachment":"scroll","background-type":"","background-media":"","overlay-type":"","overlay-color":"","overlay-opacity":"","overlay-gradient":""}},"_joinchat":[],"footnotes":""},"class_list":["post-2144","page","type-page","status-publish","hentry"],"yoast_head":"<!-- This site is optimized with the Yoast SEO plugin v25.5 - https:\/\/yoast.com\/wordpress\/plugins\/seo\/ -->\n<title>Proyectos - Karla Lara Coach<\/title>\n<meta name=\"robots\" content=\"noindex, follow, max-snippet:-1, max-image-preview:large, max-video-preview:-1\" \/>\n<meta property=\"og:locale\" content=\"es_ES\" \/>\n<meta property=\"og:type\" content=\"article\" \/>\n<meta property=\"og:title\" content=\"Proyectos - Karla Lara Coach\" \/>\n<meta property=\"og:description\" content=\"Proyectos EXTRAordinarios Aqu\u00ed comienza la verdadera transformaci\u00f3n Todo lo que creo nace de una sola intenci\u00f3n: ayudarte a despertar tu poder interior y vivir con prop\u00f3sito, equilibrio y plenitud para que recuerdes que eres EXTRAordinario. Cada uno de estos proyectos ha sido dise\u00f1ado desde una visi\u00f3n integradora: transformar desde dentro para impactar el mundo exterior. [&hellip;]\" \/>\n<meta property=\"og:url\" content=\"https:\/\/karlalaracoach.com\/nueva\/proyectos\/\" \/>\n<meta property=\"og:site_name\" content=\"Karla Lara Coach\" \/>\n<meta property=\"article:modified_time\" content=\"2025-06-26T13:36:27+00:00\" \/>\n<meta property=\"og:image\" content=\"https:\/\/karlalaracoach.com\/nueva\/wp-content\/uploads\/2025\/06\/3.jpg\" \/>\n\t<meta property=\"og:image:width\" content=\"1920\" \/>\n\t<meta property=\"og:image:height\" content=\"1080\" \/>\n\t<meta property=\"og:image:type\" content=\"image\/jpeg\" \/>\n<meta name=\"twitter:card\" content=\"summary_large_image\" \/>\n<meta name=\"twitter:label1\" content=\"Tiempo de lectura\" \/>\n\t<meta name=\"twitter:data1\" content=\"4 minutos\" \/>\n<script type=\"application\/ld+json\" class=\"yoast-schema-graph\">{\"@context\":\"https:\/\/schema.org\",\"@graph\":[{\"@type\":\"WebPage\",\"@id\":\"https:\/\/karlalaracoach.com\/nueva\/proyectos\/\",\"url\":\"https:\/\/karlalaracoach.com\/nueva\/proyectos\/\",\"name\":\"Proyectos - Karla Lara Coach\",\"isPartOf\":{\"@id\":\"https:\/\/karlalaracoach.com\/nueva\/#website\"},\"primaryImageOfPage\":{\"@id\":\"https:\/\/karlalaracoach.com\/nueva\/proyectos\/#primaryimage\"},\"image\":{\"@id\":\"https:\/\/karlalaracoach.com\/nueva\/proyectos\/#primaryimage\"},\"thumbnailUrl\":\"https:\/\/karlalaracoach.com\/nueva\/wp-content\/uploads\/2025\/06\/3.jpg\",\"datePublished\":\"2025-06-23T02:31:36+00:00\",\"dateModified\":\"2025-06-26T13:36:27+00:00\",\"breadcrumb\":{\"@id\":\"https:\/\/karlalaracoach.com\/nueva\/proyectos\/#breadcrumb\"},\"inLanguage\":\"es\",\"potentialAction\":[{\"@type\":\"ReadAction\",\"target\":[\"https:\/\/karlalaracoach.com\/nueva\/proyectos\/\"]}]},{\"@type\":\"ImageObject\",\"inLanguage\":\"es\",\"@id\":\"https:\/\/karlalaracoach.com\/nueva\/proyectos\/#primaryimage\",\"url\":\"https:\/\/karlalaracoach.com\/nueva\/wp-content\/uploads\/2025\/06\/3.jpg\",\"contentUrl\":\"https:\/\/karlalaracoach.com\/nueva\/wp-content\/uploads\/2025\/06\/3.jpg\",\"width\":1920,\"height\":1080},{\"@type\":\"BreadcrumbList\",\"@id\":\"https:\/\/karlalaracoach.com\/nueva\/proyectos\/#breadcrumb\",\"itemListElement\":[{\"@type\":\"ListItem\",\"position\":1,\"name\":\"Portada\",\"item\":\"https:\/\/karlalaracoach.com\/nueva\/\"},{\"@type\":\"ListItem\",\"position\":2,\"name\":\"Proyectos\"}]},{\"@type\":\"WebSite\",\"@id\":\"https:\/\/karlalaracoach.com\/nueva\/#website\",\"url\":\"https:\/\/karlalaracoach.com\/nueva\/\",\"name\":\"Karla Lara Coach\",\"description\":\"\u00a1Eres EXTRAordinario!\",\"publisher\":{\"@id\":\"https:\/\/karlalaracoach.com\/nueva\/#organization\"},\"potentialAction\":[{\"@type\":\"SearchAction\",\"target\":{\"@type\":\"EntryPoint\",\"urlTemplate\":\"https:\/\/karlalaracoach.com\/nueva\/?s={search_term_string}\"},\"query-input\":{\"@type\":\"PropertyValueSpecification\",\"valueRequired\":true,\"valueName\":\"search_term_string\"}}],\"inLanguage\":\"es\"},{\"@type\":\"Organization\",\"@id\":\"https:\/\/karlalaracoach.com\/nueva\/#organization\",\"name\":\"Karla Lara Coach\",\"url\":\"https:\/\/karlalaracoach.com\/nueva\/\",\"logo\":{\"@type\":\"ImageObject\",\"inLanguage\":\"es\",\"@id\":\"https:\/\/karlalaracoach.com\/nueva\/#\/schema\/logo\/image\/\",\"url\":\"https:\/\/karlalaracoach.com\/nueva\/wp-content\/uploads\/2025\/06\/logo-KarlaLaraCoach-min-1-300x117-1.png\",\"contentUrl\":\"https:\/\/karlalaracoach.com\/nueva\/wp-content\/uploads\/2025\/06\/logo-KarlaLaraCoach-min-1-300x117-1.png\",\"width\":300,\"height\":117,\"caption\":\"Karla Lara Coach\"},\"image\":{\"@id\":\"https:\/\/karlalaracoach.com\/nueva\/#\/schema\/logo\/image\/\"}}]}<\/script>\n<!-- \/ Yoast SEO plugin. -->","yoast_head_json":{"title":"Proyectos - Karla Lara Coach","robots":{"index":"noindex","follow":"follow","max-snippet":"max-snippet:-1","max-image-preview":"max-image-preview:large","max-video-preview":"max-video-preview:-1"},"og_locale":"es_ES","og_type":"article","og_title":"Proyectos - Karla Lara Coach","og_description":"Proyectos EXTRAordinarios Aqu\u00ed comienza la verdadera transformaci\u00f3n Todo lo que creo nace de una sola intenci\u00f3n: ayudarte a despertar tu poder interior y vivir con prop\u00f3sito, equilibrio y plenitud para que recuerdes que eres EXTRAordinario. Cada uno de estos proyectos ha sido dise\u00f1ado desde una visi\u00f3n integradora: transformar desde dentro para impactar el mundo exterior. [&hellip;]","og_url":"https:\/\/karlalaracoach.com\/nueva\/proyectos\/","og_site_name":"Karla Lara Coach","article_modified_time":"2025-06-26T13:36:27+00:00","og_image":[{"width":1920,"height":1080,"url":"https:\/\/karlalaracoach.com\/nueva\/wp-content\/uploads\/2025\/06\/3.jpg","type":"image\/jpeg"}],"twitter_card":"summary_large_image","twitter_misc":{"Tiempo de lectura":"4 minutos"},"schema":{"@context":"https:\/\/schema.org","@graph":[{"@type":"WebPage","@id":"https:\/\/karlalaracoach.com\/nueva\/proyectos\/","url":"https:\/\/karlalaracoach.com\/nueva\/proyectos\/","name":"Proyectos - Karla Lara Coach","isPartOf":{"@id":"https:\/\/karlalaracoach.com\/nueva\/#website"},"primaryImageOfPage":{"@id":"https:\/\/karlalaracoach.com\/nueva\/proyectos\/#primaryimage"},"image":{"@id":"https:\/\/karlalaracoach.com\/nueva\/proyectos\/#primaryimage"},"thumbnailUrl":"https:\/\/karlalaracoach.com\/nueva\/wp-content\/uploads\/2025\/06\/3.jpg","datePublished":"2025-06-23T02:31:36+00:00","dateModified":"2025-06-26T13:36:27+00:00","breadcrumb":{"@id":"https:\/\/karlalaracoach.com\/nueva\/proyectos\/#breadcrumb"},"inLanguage":"es","potentialAction":[{"@type":"ReadAction","target":["https:\/\/karlalaracoach.com\/nueva\/proyectos\/"]}]},{"@type":"ImageObject","inLanguage":"es","@id":"https:\/\/karlalaracoach.com\/nueva\/proyectos\/#primaryimage","url":"https:\/\/karlalaracoach.com\/nueva\/wp-content\/uploads\/2025\/06\/3.jpg","contentUrl":"https:\/\/karlalaracoach.com\/nueva\/wp-content\/uploads\/2025\/06\/3.jpg","width":1920,"height":1080},{"@type":"BreadcrumbList","@id":"https:\/\/karlalaracoach.com\/nueva\/proyectos\/#breadcrumb","itemListElement":[{"@type":"ListItem","position":1,"name":"Portada","item":"https:\/\/karlalaracoach.com\/nueva\/"},{"@type":"ListItem","position":2,"name":"Proyectos"}]},{"@type":"WebSite","@id":"https:\/\/karlalaracoach.com\/nueva\/#website","url":"https:\/\/karlalaracoach.com\/nueva\/","name":"Karla Lara Coach","description":"\u00a1Eres EXTRAordinario!","publisher":{"@id":"https:\/\/karlalaracoach.com\/nueva\/#organization"},"potentialAction":[{"@type":"SearchAction","target":{"@type":"EntryPoint","urlTemplate":"https:\/\/karlalaracoach.com\/nueva\/?s={search_term_string}"},"query-input":{"@type":"PropertyValueSpecification","valueRequired":true,"valueName":"search_term_string"}}],"inLanguage":"es"},{"@type":"Organization","@id":"https:\/\/karlalaracoach.com\/nueva\/#organization","name":"Karla Lara Coach","url":"https:\/\/karlalaracoach.com\/nueva\/","logo":{"@type":"ImageObject","inLanguage":"es","@id":"https:\/\/karlalaracoach.com\/nueva\/#\/schema\/logo\/image\/","url":"https:\/\/karlalaracoach.com\/nueva\/wp-content\/uploads\/2025\/06\/logo-KarlaLaraCoach-min-1-300x117-1.png","contentUrl":"https:\/\/karlalaracoach.com\/nueva\/wp-content\/uploads\/2025\/06\/logo-KarlaLaraCoach-min-1-300x117-1.png","width":300,"height":117,"caption":"Karla Lara Coach"},"image":{"@id":"https:\/\/karlalaracoach.com\/nueva\/#\/schema\/logo\/image\/"}}]}},"_links":{"self":[{"href":"https:\/\/karlalaracoach.com\/nueva\/wp-json\/wp\/v2\/pages\/2144","targetHints":{"allow":["GET"]}}],"collection":[{"href":"https:\/\/karlalaracoach.com\/nueva\/wp-json\/wp\/v2\/pages"}],"about":[{"href":"https:\/\/karlalaracoach.com\/nueva\/wp-json\/wp\/v2\/types\/page"}],"author":[{"embeddable":true,"href":"https:\/\/karlalaracoach.com\/nueva\/wp-json\/wp\/v2\/users\/1"}],"replies":[{"embeddable":true,"href":"https:\/\/karlalaracoach.com\/nueva\/wp-json\/wp\/v2\/comments?post=2144"}],"version-history":[{"count":31,"href":"https:\/\/karlalaracoach.com\/nueva\/wp-json\/wp\/v2\/pages\/2144\/revisions"}],"predecessor-version":[{"id":2368,"href":"https:\/\/karlalaracoach.com\/nueva\/wp-json\/wp\/v2\/pages\/2144\/revisions\/2368"}],"wp:attachment":[{"href":"https:\/\/karlalaracoach.com\/nueva\/wp-json\/wp\/v2\/media?parent=2144"}],"curies":[{"name":"wp","href":"https:\/\/api.w.org\/{rel}","templated":true}]}}