{"id":1895,"date":"2025-06-20T21:23:03","date_gmt":"2025-06-20T21:23:03","guid":{"rendered":"https:\/\/karlalaracoach.com\/nueva\/?page_id=1895"},"modified":"2025-06-26T18:22:51","modified_gmt":"2025-06-26T18:22:51","slug":"politica-de-privacidad","status":"publish","type":"page","link":"https:\/\/karlalaracoach.com\/nueva\/politica-de-privacidad\/","title":{"rendered":"Pol\u00edtica de privacidad"},"content":{"rendered":"\t\t<div data-elementor-type=\"wp-page\" data-elementor-id=\"1895\" class=\"elementor elementor-1895\" data-elementor-post-type=\"page\">\n\t\t\t\t<div class=\"elementor-element elementor-element-e002d22 e-flex e-con-boxed e-con e-parent\" data-id=\"e002d22\" data-element_type=\"container\" data-settings=\"{&quot;background_background&quot;:&quot;classic&quot;}\">\n\t\t\t\t\t<div class=\"e-con-inner\">\n\t\t\t\t<div class=\"elementor-element elementor-element-ed36c62 elementor-widget elementor-widget-heading\" data-id=\"ed36c62\" data-element_type=\"widget\" data-widget_type=\"heading.default\">\n\t\t\t\t<div class=\"elementor-widget-container\">\n\t\t\t\t\t<h1 class=\"elementor-heading-title elementor-size-default\">Pol\u00edtica de Privacidad<\/h1>\t\t\t\t<\/div>\n\t\t\t\t<\/div>\n\t\t\t\t\t<\/div>\n\t\t\t\t<\/div>\n\t\t<div class=\"elementor-element elementor-element-11874a2 e-flex e-con-boxed e-con e-parent\" data-id=\"11874a2\" data-element_type=\"container\">\n\t\t\t\t\t<div class=\"e-con-inner\">\n\t\t\t\t<div class=\"elementor-element elementor-element-207db40 elementor-widget elementor-widget-text-editor\" data-id=\"207db40\" data-element_type=\"widget\" data-widget_type=\"text-editor.default\">\n\t\t\t\t<div class=\"elementor-widget-container\">\n\t\t\t\t\t\t\t\t\t<p>Responsable del Tratamiento de Datos Personales Karla Elizabeth Ram\u00edrez Lara, con domicilio en Ciudad de M\u00e9xico, es responsable del tratamiento de los datos personales que se recaban a trav\u00e9s de este sitio web.<\/p><p><strong>1. Datos personales que recopilamos<\/strong><br \/>&#8211; Nombre<br \/>&#8211; Correo electr\u00f3nico<br \/>&#8211; N\u00famero de tel\u00e9fono<br \/>&#8211; Datos derivados del uso del sitio web (cookies y tecnolog\u00edas similares)<\/p><p><strong>2. Finalidades del tratamiento<\/strong><br \/>&#8211; Env\u00edo de newsletters y comunicaciones relacionadas con nuestros productos, servicios y contenidos.<br \/>&#8211; Gesti\u00f3n de campa\u00f1as de marketing y remarketing digital.<br \/>&#8211; An\u00e1lisis de comportamiento en el sitio web mediante herramientas estad\u00edsticas (Google Analytics y Meta<br \/>Pixel).<br \/>&#8211; Mejora de la experiencia del usuario en el sitio.<\/p><p><strong>3. Transferencia de datos<\/strong><br \/>Tu informaci\u00f3n puede ser compartida con terceros exclusivamente para cumplir con las finalidades<br \/>mencionadas. Espec\u00edficamente, trabajamos con:<br \/>&#8211; Google Analytics para an\u00e1lisis de tr\u00e1fico y comportamiento.<br \/>&#8211; Meta (Facebook Ads) para campa\u00f1as publicitarias y remarketing.<br \/>Estos servicios pueden operar desde servidores ubicados fuera de M\u00e9xico, por lo que al utilizar este sitio<br \/>aceptas dicha transferencia conforme a la legislaci\u00f3n aplicable.<\/p><p><strong>4. Uso de cookies<\/strong><br \/>Este sitio utiliza cookies propias y de terceros para analizar la navegaci\u00f3n de los usuarios y mejorar su<br \/>experiencia. Al continuar utilizando este sitio, se entiende que otorgas tu consentimiento para el uso de<br \/>cookies, salvo que configures tu navegador para rechazarlas.<\/p><p><strong>5. Derechos ARCO<\/strong><br \/>Tienes derecho a acceder, rectificar, cancelar u oponerte al tratamiento de tus datos personales (Derechos<br \/>ARCO), as\u00ed como a revocar el consentimiento otorgado para su tratamiento.<br \/>Para ejercer estos derechos, puedes enviar un correo electr\u00f3nico a:<br \/>[agrega aqu\u00ed tu correo de contacto]<\/p><p><strong>6. Cambios a este aviso de privacidad<\/strong><br \/>Nos reservamos el derecho de modificar esta pol\u00edtica de privacidad en cualquier momento. Cualquier cambio<br \/>ser\u00e1 notificado en esta misma p\u00e1gina con la fecha de \u00faltima actualizaci\u00f3n.<\/p><p>\u00daltima actualizaci\u00f3n<br \/>24 de junio de 2025<\/p>\t\t\t\t\t\t\t\t<\/div>\n\t\t\t\t<\/div>\n\t\t\t\t\t<\/div>\n\t\t\t\t<\/div>\n\t\t\t\t<\/div>\n\t\t","protected":false},"excerpt":{"rendered":"<p>Pol\u00edtica de Privacidad Responsable del Tratamiento de Datos Personales Karla Elizabeth Ram\u00edrez Lara, con domicilio en Ciudad de M\u00e9xico, es responsable del tratamiento de los datos personales que se recaban a trav\u00e9s de este sitio web. 1. Datos personales que recopilamos&#8211; Nombre&#8211; Correo electr\u00f3nico&#8211; N\u00famero de tel\u00e9fono&#8211; Datos derivados del uso del sitio web (cookies [&hellip;]<\/p>\n","protected":false},"author":1,"featured_media":0,"parent":0,"menu_order":0,"comment_status":"closed","ping_status":"closed","template":"elementor_header_footer","meta":{"site-sidebar-layout":"no-sidebar","site-content-layout":"page-builder","ast-site-content-layout":"full-width-container","site-content-style":"default","site-sidebar-style":"default","ast-global-header-display":"","ast-banner-title-visibility":"","ast-main-header-display":"","ast-hfb-above-header-display":"","ast-hfb-below-header-display":"","ast-hfb-mobile-header-display":"","site-post-title":"disabled","ast-breadcrumbs-content":"","ast-featured-img":"disabled","footer-sml-layout":"","theme-transparent-header-meta":"default","adv-header-id-meta":"","stick-header-meta":"","header-above-stick-meta":"","header-main-stick-meta":"","header-below-stick-meta":"","astra-migrate-meta-layouts":"set","ast-page-background-enabled":"default","ast-page-background-meta":{"desktop":{"background-color":"","background-image":"","background-repeat":"repeat","background-position":"center center","background-size":"auto","background-attachment":"scroll","background-type":"","background-media":"","overlay-type":"","overlay-color":"","overlay-opacity":"","overlay-gradient":""},"tablet":{"background-color":"","background-image":"","background-repeat":"repeat","background-position":"center center","background-size":"auto","background-attachment":"scroll","background-type":"","background-media":"","overlay-type":"","overlay-color":"","overlay-opacity":"","overlay-gradient":""},"mobile":{"background-color":"","background-image":"","background-repeat":"repeat","background-position":"center center","background-size":"auto","background-attachment":"scroll","background-type":"","background-media":"","overlay-type":"","overlay-color":"","overlay-opacity":"","overlay-gradient":""}},"ast-content-background-meta":{"desktop":{"background-color":"var(--ast-global-color-5)","background-image":"","background-repeat":"repeat","background-position":"center center","background-size":"auto","background-attachment":"scroll","background-type":"","background-media":"","overlay-type":"","overlay-color":"","overlay-opacity":"","overlay-gradient":""},"tablet":{"background-color":"var(--ast-global-color-5)","background-image":"","background-repeat":"repeat","background-position":"center center","background-size":"auto","background-attachment":"scroll","background-type":"","background-media":"","overlay-type":"","overlay-color":"","overlay-opacity":"","overlay-gradient":""},"mobile":{"background-color":"var(--ast-global-color-5)","background-image":"","background-repeat":"repeat","background-position":"center center","background-size":"auto","background-attachment":"scroll","background-type":"","background-media":"","overlay-type":"","overlay-color":"","overlay-opacity":"","overlay-gradient":""}},"_joinchat":[],"footnotes":""},"class_list":["post-1895","page","type-page","status-publish","hentry"],"yoast_head":"<!-- This site is optimized with the Yoast SEO plugin v25.5 - https:\/\/yoast.com\/wordpress\/plugins\/seo\/ -->\n<title>Pol\u00edtica de privacidad - Karla Lara Coach<\/title>\n<meta name=\"robots\" content=\"noindex, follow, max-snippet:-1, max-image-preview:large, max-video-preview:-1\" \/>\n<meta property=\"og:locale\" content=\"es_ES\" \/>\n<meta property=\"og:type\" content=\"article\" \/>\n<meta property=\"og:title\" content=\"Pol\u00edtica de privacidad - Karla Lara Coach\" \/>\n<meta property=\"og:description\" content=\"Pol\u00edtica de Privacidad Responsable del Tratamiento de Datos Personales Karla Elizabeth Ram\u00edrez Lara, con domicilio en Ciudad de M\u00e9xico, es responsable del tratamiento de los datos personales que se recaban a trav\u00e9s de este sitio web. 1. Datos personales que recopilamos&#8211; Nombre&#8211; Correo electr\u00f3nico&#8211; N\u00famero de tel\u00e9fono&#8211; Datos derivados del uso del sitio web (cookies [&hellip;]\" \/>\n<meta property=\"og:url\" content=\"https:\/\/karlalaracoach.com\/nueva\/politica-de-privacidad\/\" \/>\n<meta property=\"og:site_name\" content=\"Karla Lara Coach\" \/>\n<meta property=\"article:modified_time\" content=\"2025-06-26T18:22:51+00:00\" \/>\n<meta name=\"twitter:card\" content=\"summary_large_image\" \/>\n<meta name=\"twitter:label1\" content=\"Tiempo de lectura\" \/>\n\t<meta name=\"twitter:data1\" content=\"2 minutos\" \/>\n<script type=\"application\/ld+json\" class=\"yoast-schema-graph\">{\"@context\":\"https:\/\/schema.org\",\"@graph\":[{\"@type\":\"WebPage\",\"@id\":\"https:\/\/karlalaracoach.com\/nueva\/politica-de-privacidad\/\",\"url\":\"https:\/\/karlalaracoach.com\/nueva\/politica-de-privacidad\/\",\"name\":\"Pol\u00edtica de privacidad - Karla Lara Coach\",\"isPartOf\":{\"@id\":\"https:\/\/karlalaracoach.com\/nueva\/#website\"},\"datePublished\":\"2025-06-20T21:23:03+00:00\",\"dateModified\":\"2025-06-26T18:22:51+00:00\",\"breadcrumb\":{\"@id\":\"https:\/\/karlalaracoach.com\/nueva\/politica-de-privacidad\/#breadcrumb\"},\"inLanguage\":\"es\",\"potentialAction\":[{\"@type\":\"ReadAction\",\"target\":[\"https:\/\/karlalaracoach.com\/nueva\/politica-de-privacidad\/\"]}]},{\"@type\":\"BreadcrumbList\",\"@id\":\"https:\/\/karlalaracoach.com\/nueva\/politica-de-privacidad\/#breadcrumb\",\"itemListElement\":[{\"@type\":\"ListItem\",\"position\":1,\"name\":\"Portada\",\"item\":\"https:\/\/karlalaracoach.com\/nueva\/\"},{\"@type\":\"ListItem\",\"position\":2,\"name\":\"Pol\u00edtica de privacidad\"}]},{\"@type\":\"WebSite\",\"@id\":\"https:\/\/karlalaracoach.com\/nueva\/#website\",\"url\":\"https:\/\/karlalaracoach.com\/nueva\/\",\"name\":\"Karla Lara Coach\",\"description\":\"\u00a1Eres EXTRAordinario!\",\"publisher\":{\"@id\":\"https:\/\/karlalaracoach.com\/nueva\/#organization\"},\"potentialAction\":[{\"@type\":\"SearchAction\",\"target\":{\"@type\":\"EntryPoint\",\"urlTemplate\":\"https:\/\/karlalaracoach.com\/nueva\/?s={search_term_string}\"},\"query-input\":{\"@type\":\"PropertyValueSpecification\",\"valueRequired\":true,\"valueName\":\"search_term_string\"}}],\"inLanguage\":\"es\"},{\"@type\":\"Organization\",\"@id\":\"https:\/\/karlalaracoach.com\/nueva\/#organization\",\"name\":\"Karla Lara Coach\",\"url\":\"https:\/\/karlalaracoach.com\/nueva\/\",\"logo\":{\"@type\":\"ImageObject\",\"inLanguage\":\"es\",\"@id\":\"https:\/\/karlalaracoach.com\/nueva\/#\/schema\/logo\/image\/\",\"url\":\"https:\/\/karlalaracoach.com\/nueva\/wp-content\/uploads\/2025\/06\/logo-KarlaLaraCoach-min-1-300x117-1.png\",\"contentUrl\":\"https:\/\/karlalaracoach.com\/nueva\/wp-content\/uploads\/2025\/06\/logo-KarlaLaraCoach-min-1-300x117-1.png\",\"width\":300,\"height\":117,\"caption\":\"Karla Lara Coach\"},\"image\":{\"@id\":\"https:\/\/karlalaracoach.com\/nueva\/#\/schema\/logo\/image\/\"}}]}<\/script>\n<!-- \/ Yoast SEO plugin. -->","yoast_head_json":{"title":"Pol\u00edtica de privacidad - Karla Lara Coach","robots":{"index":"noindex","follow":"follow","max-snippet":"max-snippet:-1","max-image-preview":"max-image-preview:large","max-video-preview":"max-video-preview:-1"},"og_locale":"es_ES","og_type":"article","og_title":"Pol\u00edtica de privacidad - Karla Lara Coach","og_description":"Pol\u00edtica de Privacidad Responsable del Tratamiento de Datos Personales Karla Elizabeth Ram\u00edrez Lara, con domicilio en Ciudad de M\u00e9xico, es responsable del tratamiento de los datos personales que se recaban a trav\u00e9s de este sitio web. 1. Datos personales que recopilamos&#8211; Nombre&#8211; Correo electr\u00f3nico&#8211; N\u00famero de tel\u00e9fono&#8211; Datos derivados del uso del sitio web (cookies [&hellip;]","og_url":"https:\/\/karlalaracoach.com\/nueva\/politica-de-privacidad\/","og_site_name":"Karla Lara Coach","article_modified_time":"2025-06-26T18:22:51+00:00","twitter_card":"summary_large_image","twitter_misc":{"Tiempo de lectura":"2 minutos"},"schema":{"@context":"https:\/\/schema.org","@graph":[{"@type":"WebPage","@id":"https:\/\/karlalaracoach.com\/nueva\/politica-de-privacidad\/","url":"https:\/\/karlalaracoach.com\/nueva\/politica-de-privacidad\/","name":"Pol\u00edtica de privacidad - Karla Lara Coach","isPartOf":{"@id":"https:\/\/karlalaracoach.com\/nueva\/#website"},"datePublished":"2025-06-20T21:23:03+00:00","dateModified":"2025-06-26T18:22:51+00:00","breadcrumb":{"@id":"https:\/\/karlalaracoach.com\/nueva\/politica-de-privacidad\/#breadcrumb"},"inLanguage":"es","potentialAction":[{"@type":"ReadAction","target":["https:\/\/karlalaracoach.com\/nueva\/politica-de-privacidad\/"]}]},{"@type":"BreadcrumbList","@id":"https:\/\/karlalaracoach.com\/nueva\/politica-de-privacidad\/#breadcrumb","itemListElement":[{"@type":"ListItem","position":1,"name":"Portada","item":"https:\/\/karlalaracoach.com\/nueva\/"},{"@type":"ListItem","position":2,"name":"Pol\u00edtica de privacidad"}]},{"@type":"WebSite","@id":"https:\/\/karlalaracoach.com\/nueva\/#website","url":"https:\/\/karlalaracoach.com\/nueva\/","name":"Karla Lara Coach","description":"\u00a1Eres EXTRAordinario!","publisher":{"@id":"https:\/\/karlalaracoach.com\/nueva\/#organization"},"potentialAction":[{"@type":"SearchAction","target":{"@type":"EntryPoint","urlTemplate":"https:\/\/karlalaracoach.com\/nueva\/?s={search_term_string}"},"query-input":{"@type":"PropertyValueSpecification","valueRequired":true,"valueName":"search_term_string"}}],"inLanguage":"es"},{"@type":"Organization","@id":"https:\/\/karlalaracoach.com\/nueva\/#organization","name":"Karla Lara Coach","url":"https:\/\/karlalaracoach.com\/nueva\/","logo":{"@type":"ImageObject","inLanguage":"es","@id":"https:\/\/karlalaracoach.com\/nueva\/#\/schema\/logo\/image\/","url":"https:\/\/karlalaracoach.com\/nueva\/wp-content\/uploads\/2025\/06\/logo-KarlaLaraCoach-min-1-300x117-1.png","contentUrl":"https:\/\/karlalaracoach.com\/nueva\/wp-content\/uploads\/2025\/06\/logo-KarlaLaraCoach-min-1-300x117-1.png","width":300,"height":117,"caption":"Karla Lara Coach"},"image":{"@id":"https:\/\/karlalaracoach.com\/nueva\/#\/schema\/logo\/image\/"}}]}},"_links":{"self":[{"href":"https:\/\/karlalaracoach.com\/nueva\/wp-json\/wp\/v2\/pages\/1895","targetHints":{"allow":["GET"]}}],"collection":[{"href":"https:\/\/karlalaracoach.com\/nueva\/wp-json\/wp\/v2\/pages"}],"about":[{"href":"https:\/\/karlalaracoach.com\/nueva\/wp-json\/wp\/v2\/types\/page"}],"author":[{"embeddable":true,"href":"https:\/\/karlalaracoach.com\/nueva\/wp-json\/wp\/v2\/users\/1"}],"replies":[{"embeddable":true,"href":"https:\/\/karlalaracoach.com\/nueva\/wp-json\/wp\/v2\/comments?post=1895"}],"version-history":[{"count":8,"href":"https:\/\/karlalaracoach.com\/nueva\/wp-json\/wp\/v2\/pages\/1895\/revisions"}],"predecessor-version":[{"id":2434,"href":"https:\/\/karlalaracoach.com\/nueva\/wp-json\/wp\/v2\/pages\/1895\/revisions\/2434"}],"wp:attachment":[{"href":"https:\/\/karlalaracoach.com\/nueva\/wp-json\/wp\/v2\/media?parent=1895"}],"curies":[{"name":"wp","href":"https:\/\/api.w.org\/{rel}","templated":true}]}}